{"id":1043,"date":"2025-01-22T14:05:05","date_gmt":"2025-01-22T11:05:05","guid":{"rendered":"https:\/\/ahsapdunyasi.com.tr\/?page_id=1043"},"modified":"2025-07-01T16:16:47","modified_gmt":"2025-07-01T13:16:47","slug":"aog-04","status":"publish","type":"page","link":"https:\/\/ahsapdunyasi.com.tr\/?page_id=1043","title":{"rendered":"AOG &#8211; 04"},"content":{"rendered":"\t\t<div data-elementor-type=\"wp-page\" data-elementor-id=\"1043\" class=\"elementor elementor-1043\">\n\t\t\t\t\t\t<div class=\"elementor-section elementor-top-section elementor-element elementor-element-43a1d63a elementor-section-boxed elementor-section-height-default elementor-section-height-default\" data-id=\"43a1d63a\" data-element_type=\"section\" data-settings=\"{&quot;background_background&quot;:&quot;classic&quot;}\">\n\t\t\t\t\t\t\t<div class=\"elementor-background-overlay\"><\/div>\n\t\t\t\t\t\t\t<div class=\"elementor-container elementor-column-gap-default\">\n\t\t\t\t\t<div class=\"elementor-column elementor-col-100 elementor-top-column elementor-element elementor-element-580cfd14\" data-id=\"580cfd14\" data-element_type=\"column\">\n\t\t\t<div class=\"elementor-widget-wrap elementor-element-populated\">\n\t\t\t\t\t\t<div class=\"elementor-element elementor-element-50365c14 elementor-widget elementor-widget-heading\" data-id=\"50365c14\" data-element_type=\"widget\" data-widget_type=\"heading.default\">\n\t\t\t\t<div class=\"elementor-widget-container\">\n\t\t\t<style>\/*! elementor - v3.23.0 - 15-07-2024 *\/\n.elementor-heading-title{padding:0;margin:0;line-height:1}.elementor-widget-heading .elementor-heading-title[class*=elementor-size-]>a{color:inherit;font-size:inherit;line-height:inherit}.elementor-widget-heading .elementor-heading-title.elementor-size-small{font-size:15px}.elementor-widget-heading .elementor-heading-title.elementor-size-medium{font-size:19px}.elementor-widget-heading .elementor-heading-title.elementor-size-large{font-size:29px}.elementor-widget-heading .elementor-heading-title.elementor-size-xl{font-size:39px}.elementor-widget-heading .elementor-heading-title.elementor-size-xxl{font-size:59px}<\/style><h1 class=\"elementor-heading-title elementor-size-default\">AOG - 04<\/h1>\t\t<\/div>\n\t\t\t\t<\/div>\n\t\t\t\t\t<\/div>\n\t\t<\/div>\n\t\t\t\t\t<\/div>\n\t\t<\/div>\n\t\t<div class=\"elementor-element elementor-element-467eb13 e-flex e-con-boxed e-con e-parent\" data-id=\"467eb13\" data-element_type=\"container\">\n\t\t\t\t\t<div class=\"e-con-inner\">\n\t\t\t\t<div class=\"elementor-element elementor-element-c296688 elementor-widget elementor-widget-image\" data-id=\"c296688\" data-element_type=\"widget\" data-widget_type=\"image.default\">\n\t\t\t\t<div class=\"elementor-widget-container\">\n\t\t\t<style>\/*! elementor - v3.23.0 - 15-07-2024 *\/\n.elementor-widget-image{text-align:center}.elementor-widget-image a{display:inline-block}.elementor-widget-image a img[src$=\".svg\"]{width:48px}.elementor-widget-image img{vertical-align:middle;display:inline-block}<\/style>\t\t\t\t\t\t\t\t\t\t<img fetchpriority=\"high\" decoding=\"async\" width=\"498\" height=\"373\" src=\"https:\/\/ahsapdunyasi.com.tr\/wp-content\/uploads\/2025\/01\/Varlik-5-100.jpg\" class=\"attachment-large size-large wp-image-1045\" alt=\"\" srcset=\"https:\/\/ahsapdunyasi.com.tr\/wp-content\/uploads\/2025\/01\/Varlik-5-100.jpg 498w, https:\/\/ahsapdunyasi.com.tr\/wp-content\/uploads\/2025\/01\/Varlik-5-100-300x225.jpg 300w\" sizes=\"(max-width: 498px) 100vw, 498px\" \/>\t\t\t\t\t\t\t\t\t\t\t\t\t<\/div>\n\t\t\t\t<\/div>\n\t\t\t\t<div class=\"elementor-element elementor-element-cae72f9 elementor-widget elementor-widget-image-gallery\" data-id=\"cae72f9\" data-element_type=\"widget\" data-widget_type=\"image-gallery.default\">\n\t\t\t\t<div class=\"elementor-widget-container\">\n\t\t\t<style>\/*! elementor - v3.23.0 - 15-07-2024 *\/\n.elementor-image-gallery .gallery-item{display:inline-block;text-align:center;vertical-align:top;width:100%;max-width:100%;margin:0 auto}.elementor-image-gallery .gallery-item img{margin:0 auto}.elementor-image-gallery .gallery-item .gallery-caption{margin:0}.elementor-image-gallery figure img{display:block}.elementor-image-gallery figure figcaption{width:100%}.gallery-spacing-custom .elementor-image-gallery .gallery-icon{padding:0}@media (min-width:768px){.elementor-image-gallery .gallery-columns-2 .gallery-item{max-width:50%}.elementor-image-gallery .gallery-columns-3 .gallery-item{max-width:33.33%}.elementor-image-gallery .gallery-columns-4 .gallery-item{max-width:25%}.elementor-image-gallery .gallery-columns-5 .gallery-item{max-width:20%}.elementor-image-gallery .gallery-columns-6 .gallery-item{max-width:16.666%}.elementor-image-gallery .gallery-columns-7 .gallery-item{max-width:14.28%}.elementor-image-gallery .gallery-columns-8 .gallery-item{max-width:12.5%}.elementor-image-gallery .gallery-columns-9 .gallery-item{max-width:11.11%}.elementor-image-gallery .gallery-columns-10 .gallery-item{max-width:10%}}@media (min-width:480px) and (max-width:767px){.elementor-image-gallery .gallery.gallery-columns-2 .gallery-item,.elementor-image-gallery .gallery.gallery-columns-3 .gallery-item,.elementor-image-gallery .gallery.gallery-columns-4 .gallery-item,.elementor-image-gallery .gallery.gallery-columns-5 .gallery-item,.elementor-image-gallery .gallery.gallery-columns-6 .gallery-item,.elementor-image-gallery .gallery.gallery-columns-7 .gallery-item,.elementor-image-gallery .gallery.gallery-columns-8 .gallery-item,.elementor-image-gallery .gallery.gallery-columns-9 .gallery-item,.elementor-image-gallery .gallery.gallery-columns-10 .gallery-item{max-width:50%}}@media (max-width:479px){.elementor-image-gallery .gallery.gallery-columns-2 .gallery-item,.elementor-image-gallery .gallery.gallery-columns-3 .gallery-item,.elementor-image-gallery .gallery.gallery-columns-4 .gallery-item,.elementor-image-gallery .gallery.gallery-columns-5 .gallery-item,.elementor-image-gallery .gallery.gallery-columns-6 .gallery-item,.elementor-image-gallery .gallery.gallery-columns-7 .gallery-item,.elementor-image-gallery .gallery.gallery-columns-8 .gallery-item,.elementor-image-gallery .gallery.gallery-columns-9 .gallery-item,.elementor-image-gallery .gallery.gallery-columns-10 .gallery-item{max-width:100%}}<\/style>\t\t<div class=\"elementor-image-gallery\">\n\t\t\t<div id='gallery-1' class='gallery galleryid-1043 gallery-columns-3 gallery-size-thumbnail'><figure class='gallery-item'>\n\t\t\t<div class='gallery-icon landscape'>\n\t\t\t\t<a data-elementor-open-lightbox=\"yes\" data-elementor-lightbox-slideshow=\"cae72f9\" data-elementor-lightbox-title=\"Varl\u0131k 6-100\" data-e-action-hash=\"#elementor-action%3Aaction%3Dlightbox%26settings%3DeyJpZCI6MTA0NiwidXJsIjoiaHR0cHM6XC9cL2Foc2FwZHVueWFzaS5jb20udHJcL3dwLWNvbnRlbnRcL3VwbG9hZHNcLzIwMjVcLzAxXC9WYXJsaWstNi0xMDAuanBnIiwic2xpZGVzaG93IjoiY2FlNzJmOSJ9\" href='https:\/\/ahsapdunyasi.com.tr\/wp-content\/uploads\/2025\/01\/Varlik-6-100.jpg'><img decoding=\"async\" width=\"150\" height=\"150\" src=\"https:\/\/ahsapdunyasi.com.tr\/wp-content\/uploads\/2025\/01\/Varlik-6-100-150x150.jpg\" class=\"attachment-thumbnail size-thumbnail\" alt=\"\" \/><\/a>\n\t\t\t<\/div><\/figure><figure class='gallery-item'>\n\t\t\t<div class='gallery-icon landscape'>\n\t\t\t\t<a data-elementor-open-lightbox=\"yes\" data-elementor-lightbox-slideshow=\"cae72f9\" data-elementor-lightbox-title=\"Varl\u0131k 7-100\" data-e-action-hash=\"#elementor-action%3Aaction%3Dlightbox%26settings%3DeyJpZCI6MTA0NywidXJsIjoiaHR0cHM6XC9cL2Foc2FwZHVueWFzaS5jb20udHJcL3dwLWNvbnRlbnRcL3VwbG9hZHNcLzIwMjVcLzAxXC9WYXJsaWstNy0xMDAuanBnIiwic2xpZGVzaG93IjoiY2FlNzJmOSJ9\" href='https:\/\/ahsapdunyasi.com.tr\/wp-content\/uploads\/2025\/01\/Varlik-7-100.jpg'><img decoding=\"async\" width=\"150\" height=\"150\" src=\"https:\/\/ahsapdunyasi.com.tr\/wp-content\/uploads\/2025\/01\/Varlik-7-100-150x150.jpg\" class=\"attachment-thumbnail size-thumbnail\" alt=\"\" \/><\/a>\n\t\t\t<\/div><\/figure>\n\t\t<\/div>\n\t\t<\/div>\n\t\t\t\t<\/div>\n\t\t\t\t<\/div>\n\t\t\t\t\t<\/div>\n\t\t\t\t<\/div>\n\t\t<div class=\"elementor-element elementor-element-72ba938 e-flex e-con-boxed e-con e-parent\" data-id=\"72ba938\" data-element_type=\"container\">\n\t\t\t\t\t<div class=\"e-con-inner\">\n\t\t\t\t<div class=\"elementor-element elementor-element-072fa98 elementor-tabs-view-horizontal elementor-widget elementor-widget-tabs\" data-id=\"072fa98\" data-element_type=\"widget\" data-widget_type=\"tabs.default\">\n\t\t\t\t<div class=\"elementor-widget-container\">\n\t\t\t<style>\/*! elementor - v3.23.0 - 15-07-2024 *\/\n.elementor-widget-tabs.elementor-tabs-view-vertical .elementor-tabs-wrapper{width:25%;flex-shrink:0}.elementor-widget-tabs.elementor-tabs-view-vertical .elementor-tab-desktop-title.elementor-active{border-inline-end-style:none}.elementor-widget-tabs.elementor-tabs-view-vertical .elementor-tab-desktop-title.elementor-active:after,.elementor-widget-tabs.elementor-tabs-view-vertical .elementor-tab-desktop-title.elementor-active:before{height:999em;width:0;right:0;border-inline-end-style:solid}.elementor-widget-tabs.elementor-tabs-view-vertical .elementor-tab-desktop-title.elementor-active:before{top:0;transform:translateY(-100%)}.elementor-widget-tabs.elementor-tabs-view-vertical .elementor-tab-desktop-title.elementor-active:after{top:100%}.elementor-widget-tabs.elementor-tabs-view-horizontal .elementor-tab-desktop-title{display:table-cell}.elementor-widget-tabs.elementor-tabs-view-horizontal .elementor-tab-desktop-title.elementor-active{border-bottom-style:none}.elementor-widget-tabs.elementor-tabs-view-horizontal .elementor-tab-desktop-title.elementor-active:after,.elementor-widget-tabs.elementor-tabs-view-horizontal .elementor-tab-desktop-title.elementor-active:before{bottom:0;height:0;width:999em;border-bottom-style:solid}.elementor-widget-tabs.elementor-tabs-view-horizontal .elementor-tab-desktop-title.elementor-active:before{right:100%}.elementor-widget-tabs.elementor-tabs-view-horizontal .elementor-tab-desktop-title.elementor-active:after{left:100%}.elementor-widget-tabs .elementor-tab-content,.elementor-widget-tabs .elementor-tab-title,.elementor-widget-tabs .elementor-tab-title:after,.elementor-widget-tabs .elementor-tab-title:before,.elementor-widget-tabs .elementor-tabs-content-wrapper{border:1px #d5d8dc}.elementor-widget-tabs .elementor-tabs{text-align:start}.elementor-widget-tabs .elementor-tabs-wrapper{overflow:hidden}.elementor-widget-tabs .elementor-tab-title{cursor:pointer;outline:var(--focus-outline,none)}.elementor-widget-tabs .elementor-tab-desktop-title{position:relative;padding:20px 25px;font-weight:700;line-height:1;border:solid transparent}.elementor-widget-tabs .elementor-tab-desktop-title.elementor-active{border-color:#d5d8dc}.elementor-widget-tabs .elementor-tab-desktop-title.elementor-active:after,.elementor-widget-tabs .elementor-tab-desktop-title.elementor-active:before{display:block;content:\"\";position:absolute}.elementor-widget-tabs .elementor-tab-desktop-title:focus-visible{border:1px solid #000}.elementor-widget-tabs .elementor-tab-mobile-title{padding:10px;cursor:pointer}.elementor-widget-tabs .elementor-tab-content{padding:20px;display:none}@media (max-width:767px){.elementor-tabs .elementor-tab-content,.elementor-tabs .elementor-tab-title{border-style:solid solid none}.elementor-tabs .elementor-tabs-wrapper{display:none}.elementor-tabs .elementor-tabs-content-wrapper{border-bottom-style:solid}.elementor-tabs .elementor-tab-content{padding:10px}}@media (min-width:768px){.elementor-widget-tabs.elementor-tabs-view-vertical .elementor-tabs{display:flex}.elementor-widget-tabs.elementor-tabs-view-vertical .elementor-tabs-wrapper{flex-direction:column}.elementor-widget-tabs.elementor-tabs-view-vertical .elementor-tabs-content-wrapper{flex-grow:1;border-style:solid solid solid none}.elementor-widget-tabs.elementor-tabs-view-horizontal .elementor-tab-content{border-style:none solid solid}.elementor-widget-tabs.elementor-tabs-alignment-center .elementor-tabs-wrapper,.elementor-widget-tabs.elementor-tabs-alignment-end .elementor-tabs-wrapper,.elementor-widget-tabs.elementor-tabs-alignment-stretch .elementor-tabs-wrapper{display:flex}.elementor-widget-tabs.elementor-tabs-alignment-center .elementor-tabs-wrapper{justify-content:center}.elementor-widget-tabs.elementor-tabs-alignment-end .elementor-tabs-wrapper{justify-content:flex-end}.elementor-widget-tabs.elementor-tabs-alignment-stretch.elementor-tabs-view-horizontal .elementor-tab-title{width:100%}.elementor-widget-tabs.elementor-tabs-alignment-stretch.elementor-tabs-view-vertical .elementor-tab-title{height:100%}.elementor-tabs .elementor-tab-mobile-title{display:none}}<\/style>\t\t<div class=\"elementor-tabs\">\n\t\t\t<div class=\"elementor-tabs-wrapper\" role=\"tablist\" >\n\t\t\t\t\t\t\t\t\t<div id=\"elementor-tab-title-7531\" class=\"elementor-tab-title elementor-tab-desktop-title\" aria-selected=\"true\" data-tab=\"1\" role=\"tab\" tabindex=\"0\" aria-controls=\"elementor-tab-content-7531\" aria-expanded=\"false\">\u00dcr\u00fcn \u00d6zellikleri<\/div>\n\t\t\t\t\t\t\t\t\t<div id=\"elementor-tab-title-7532\" class=\"elementor-tab-title elementor-tab-desktop-title\" aria-selected=\"false\" data-tab=\"2\" role=\"tab\" tabindex=\"-1\" aria-controls=\"elementor-tab-content-7532\" aria-expanded=\"false\">Boyutlar<\/div>\n\t\t\t\t\t\t\t<\/div>\n\t\t\t<div class=\"elementor-tabs-content-wrapper\" role=\"tablist\" aria-orientation=\"vertical\">\n\t\t\t\t\t\t\t\t\t<div class=\"elementor-tab-title elementor-tab-mobile-title\" aria-selected=\"true\" data-tab=\"1\" role=\"tab\" tabindex=\"0\" aria-controls=\"elementor-tab-content-7531\" aria-expanded=\"false\">\u00dcr\u00fcn \u00d6zellikleri<\/div>\n\t\t\t\t\t<div id=\"elementor-tab-content-7531\" class=\"elementor-tab-content elementor-clearfix\" data-tab=\"1\" role=\"tabpanel\" aria-labelledby=\"elementor-tab-title-7531\" tabindex=\"0\" hidden=\"false\"><p>\u2022 1. SINIF SARI\u00c7AM<\/p><p>\u2022 VAKUMLU BASIN\u00c7LI EMPRENYE KORUMALI<\/p><p>\u2022 SU BAZLI AH\u015eAP BOYASI<\/p><p>\u2022 POL\u0130ET\u0130LEN PLAST\u0130K EK\u0130PMANLAR<\/p><\/div>\n\t\t\t\t\t\t\t\t\t<div class=\"elementor-tab-title elementor-tab-mobile-title\" aria-selected=\"false\" data-tab=\"2\" role=\"tab\" tabindex=\"-1\" aria-controls=\"elementor-tab-content-7532\" aria-expanded=\"false\">Boyutlar<\/div>\n\t\t\t\t\t<div id=\"elementor-tab-content-7532\" class=\"elementor-tab-content elementor-clearfix\" data-tab=\"2\" role=\"tabpanel\" aria-labelledby=\"elementor-tab-title-7532\" tabindex=\"0\" hidden=\"hidden\"><p><img loading=\"lazy\" decoding=\"async\" class=\"alignnone size-full wp-image-1051\" src=\"https:\/\/ahsapdunyasi.com.tr\/wp-content\/uploads\/2025\/01\/Ekran-Resmi-2025-01-22-14.05.33.png\" alt=\"\" width=\"295\" height=\"263\" \/><img loading=\"lazy\" decoding=\"async\" class=\"alignnone  wp-image-2747\" src=\"https:\/\/ahsapdunyasi.com.tr\/wp-content\/uploads\/2025\/07\/Ekran-Resmi-2025-07-01-16.13.35-300x131.png\" alt=\"\" width=\"202\" height=\"88\" srcset=\"https:\/\/ahsapdunyasi.com.tr\/wp-content\/uploads\/2025\/07\/Ekran-Resmi-2025-07-01-16.13.35-300x131.png 300w, https:\/\/ahsapdunyasi.com.tr\/wp-content\/uploads\/2025\/07\/Ekran-Resmi-2025-07-01-16.13.35.png 373w\" sizes=\"(max-width: 202px) 100vw, 202px\" \/><\/p><p>\u2022 H: 200 CM <strong>HELEZON KAYDIRAK<\/strong> 1 ADET<\/p><p>\u2022 H: 100 CM <strong>E\u011eR\u0130 KAYDIRAK<\/strong> 1 ADET<\/p><p>\u2022 H: 100 CM <strong>DALGALI KAYDIRAK<\/strong> 1 ADET\u00a0\u00a0<\/p><p>\u2022 H: 100 CM <strong>\u0130K\u0130L\u0130 KAYDIRAK<\/strong> 1 ADET<\/p><p>\u2022 AH\u015eAP <strong>KARE PLATFORM<\/strong> 2 ADET \u00a0 \u00a0 \u00a0 \u00a0 \u00a0 \u00a0 \u00a0 \u00a0 \u00a0 \u00a0 \u00a0 \u00a0 \u00a0 \u00a0 \u00a0\u00a0<\/p><p>\u2022 AH\u015eAP <strong>HELEZON PLATFORM<\/strong> 1 ADET\u00a0 \u00a0 \u00a0 \u00a0 \u00a0 \u00a0 \u00a0 \u00a0 \u00a0 \u00a0 \u00a0 \u00a0 \u00a0<strong>\u00a0<\/strong><\/p><p>\u2022 HALAT <strong>\u0130P T\u00dcNEL GE\u00c7\u0130\u015e<\/strong><\/p><p>\u2022 AH\u015eAP <strong>MERD\u0130VEN<\/strong> 2 ADET<\/p><p>\u2022 <strong>TREN \u00c7ATI<\/strong> 3 ADET<\/p><p>\u2022<strong> TREN PANO<\/strong> 4 ADET<\/p><p>\u2022 AH\u015eAP <strong>KORKULUK<\/strong> 2 ADET<\/p><p>\u2022 <strong>T\u00dcNEL GE\u00c7\u0130\u015e<\/strong> 1 ADET<\/p><p>\u2022 <strong>METAL TREN \u00d6N\u00dc<\/strong> 1 ADET<\/p><\/div>\n\t\t\t\t\t\t\t<\/div>\n\t\t<\/div>\n\t\t\t\t<\/div>\n\t\t\t\t<\/div>\n\t\t\t\t\t<\/div>\n\t\t\t\t<\/div>\n\t\t\t\t<\/div>\n\t\t","protected":false},"excerpt":{"rendered":"<p>AOG &#8211; 04 \u00dcr\u00fcn \u00d6zellikleri Boyutlar \u00dcr\u00fcn \u00d6zellikleri \u2022 1. SINIF SARI\u00c7AM \u2022 VAKUMLU BASIN\u00c7LI EMPRENYE KORUMALI \u2022 SU BAZLI AH\u015eAP BOYASI [&hellip;]<\/p>\n","protected":false},"author":1,"featured_media":0,"parent":0,"menu_order":0,"comment_status":"closed","ping_status":"closed","template":"","meta":{"footnotes":""},"class_list":["post-1043","page","type-page","status-publish","hentry"],"_links":{"self":[{"href":"https:\/\/ahsapdunyasi.com.tr\/index.php?rest_route=\/wp\/v2\/pages\/1043","targetHints":{"allow":["GET"]}}],"collection":[{"href":"https:\/\/ahsapdunyasi.com.tr\/index.php?rest_route=\/wp\/v2\/pages"}],"about":[{"href":"https:\/\/ahsapdunyasi.com.tr\/index.php?rest_route=\/wp\/v2\/types\/page"}],"author":[{"embeddable":true,"href":"https:\/\/ahsapdunyasi.com.tr\/index.php?rest_route=\/wp\/v2\/users\/1"}],"replies":[{"embeddable":true,"href":"https:\/\/ahsapdunyasi.com.tr\/index.php?rest_route=%2Fwp%2Fv2%2Fcomments&post=1043"}],"version-history":[{"count":25,"href":"https:\/\/ahsapdunyasi.com.tr\/index.php?rest_route=\/wp\/v2\/pages\/1043\/revisions"}],"predecessor-version":[{"id":2750,"href":"https:\/\/ahsapdunyasi.com.tr\/index.php?rest_route=\/wp\/v2\/pages\/1043\/revisions\/2750"}],"wp:attachment":[{"href":"https:\/\/ahsapdunyasi.com.tr\/index.php?rest_route=%2Fwp%2Fv2%2Fmedia&parent=1043"}],"curies":[{"name":"wp","href":"https:\/\/api.w.org\/{rel}","templated":true}]}}