{"id":198,"date":"2024-07-24T01:45:28","date_gmt":"2024-07-23T22:45:28","guid":{"rendered":"https:\/\/ssgroupag.com\/ahsap\/?page_id=198"},"modified":"2026-01-27T10:01:40","modified_gmt":"2026-01-27T07:01:40","slug":"pergoleler","status":"publish","type":"page","link":"https:\/\/ahsapdunyasi.com.tr\/?page_id=198","title":{"rendered":"D\u0131\u015f Mekan Spor Aletleri"},"content":{"rendered":"\t\t<div data-elementor-type=\"wp-page\" data-elementor-id=\"198\" class=\"elementor elementor-198\">\n\t\t\t\t<div class=\"elementor-element elementor-element-a9fa8da e-flex e-con-boxed e-con e-parent\" data-id=\"a9fa8da\" data-element_type=\"container\" data-settings=\"{&quot;background_background&quot;:&quot;gradient&quot;}\">\n\t\t\t\t\t<div class=\"e-con-inner\">\n\t\t\t\t<div class=\"elementor-element elementor-element-0712071 elementor-widget elementor-widget-heading\" data-id=\"0712071\" data-element_type=\"widget\" data-widget_type=\"heading.default\">\n\t\t\t\t<div class=\"elementor-widget-container\">\n\t\t\t<style>\/*! elementor - v3.23.0 - 15-07-2024 *\/\n.elementor-heading-title{padding:0;margin:0;line-height:1}.elementor-widget-heading .elementor-heading-title[class*=elementor-size-]>a{color:inherit;font-size:inherit;line-height:inherit}.elementor-widget-heading .elementor-heading-title.elementor-size-small{font-size:15px}.elementor-widget-heading .elementor-heading-title.elementor-size-medium{font-size:19px}.elementor-widget-heading .elementor-heading-title.elementor-size-large{font-size:29px}.elementor-widget-heading .elementor-heading-title.elementor-size-xl{font-size:39px}.elementor-widget-heading .elementor-heading-title.elementor-size-xxl{font-size:59px}<\/style><h2 class=\"elementor-heading-title elementor-size-default\">D\u0131\u015f Mekan Spor Aletleri<\/h2>\t\t<\/div>\n\t\t\t\t<\/div>\n\t\t\t\t\t<\/div>\n\t\t\t\t<\/div>\n\t\t<div class=\"elementor-element elementor-element-21d7275e e-flex e-con-boxed e-con e-parent\" data-id=\"21d7275e\" data-element_type=\"container\">\n\t\t\t\t\t<div class=\"e-con-inner\">\n\t\t<div class=\"elementor-element elementor-element-5ce26f46 e-con-full e-flex e-con e-child\" data-id=\"5ce26f46\" data-element_type=\"container\">\n\t\t\t\t<div class=\"elementor-element elementor-element-bcdba2 elementor-position-top elementor-widget elementor-widget-image-box\" data-id=\"bcdba2\" data-element_type=\"widget\" data-widget_type=\"image-box.default\">\n\t\t\t\t<div class=\"elementor-widget-container\">\n\t\t\t<style>\/*! elementor - v3.23.0 - 15-07-2024 *\/\n.elementor-widget-image-box .elementor-image-box-content{width:100%}@media (min-width:768px){.elementor-widget-image-box.elementor-position-left .elementor-image-box-wrapper,.elementor-widget-image-box.elementor-position-right .elementor-image-box-wrapper{display:flex}.elementor-widget-image-box.elementor-position-right .elementor-image-box-wrapper{text-align:end;flex-direction:row-reverse}.elementor-widget-image-box.elementor-position-left .elementor-image-box-wrapper{text-align:start;flex-direction:row}.elementor-widget-image-box.elementor-position-top .elementor-image-box-img{margin:auto}.elementor-widget-image-box.elementor-vertical-align-top .elementor-image-box-wrapper{align-items:flex-start}.elementor-widget-image-box.elementor-vertical-align-middle .elementor-image-box-wrapper{align-items:center}.elementor-widget-image-box.elementor-vertical-align-bottom .elementor-image-box-wrapper{align-items:flex-end}}@media (max-width:767px){.elementor-widget-image-box .elementor-image-box-img{margin-left:auto!important;margin-right:auto!important;margin-bottom:15px}}.elementor-widget-image-box .elementor-image-box-img{display:inline-block}.elementor-widget-image-box .elementor-image-box-title a{color:inherit}.elementor-widget-image-box .elementor-image-box-wrapper{text-align:center}.elementor-widget-image-box .elementor-image-box-description{margin:0}<\/style><div class=\"elementor-image-box-wrapper\"><figure class=\"elementor-image-box-img\"><a href=\"https:\/\/ahsapdunyasi.com.tr\/?page_id=3878\" tabindex=\"-1\"><img fetchpriority=\"high\" decoding=\"async\" width=\"1080\" height=\"1080\" src=\"https:\/\/ahsapdunyasi.com.tr\/wp-content\/uploads\/2026\/01\/5.png\" class=\"attachment-full size-full wp-image-3929\" alt=\"\" srcset=\"https:\/\/ahsapdunyasi.com.tr\/wp-content\/uploads\/2026\/01\/5.png 1080w, https:\/\/ahsapdunyasi.com.tr\/wp-content\/uploads\/2026\/01\/5-300x300.png 300w, https:\/\/ahsapdunyasi.com.tr\/wp-content\/uploads\/2026\/01\/5-1024x1024.png 1024w, https:\/\/ahsapdunyasi.com.tr\/wp-content\/uploads\/2026\/01\/5-150x150.png 150w, https:\/\/ahsapdunyasi.com.tr\/wp-content\/uploads\/2026\/01\/5-768x768.png 768w, https:\/\/ahsapdunyasi.com.tr\/wp-content\/uploads\/2026\/01\/5-650x650.png 650w\" sizes=\"(max-width: 1080px) 100vw, 1080px\" \/><\/a><\/figure><div class=\"elementor-image-box-content\"><h3 class=\"elementor-image-box-title\"><a href=\"https:\/\/ahsapdunyasi.com.tr\/?page_id=3878\">KLAS\u0130K SER\u0130 - 1<\/a><\/h3><\/div><\/div>\t\t<\/div>\n\t\t\t\t<\/div>\n\t\t\t\t<\/div>\n\t\t<div class=\"elementor-element elementor-element-144739b1 e-con-full e-flex e-con e-child\" data-id=\"144739b1\" data-element_type=\"container\">\n\t\t\t\t<div class=\"elementor-element elementor-element-14d4ad4a elementor-position-top elementor-widget elementor-widget-image-box\" data-id=\"14d4ad4a\" data-element_type=\"widget\" data-widget_type=\"image-box.default\">\n\t\t\t\t<div class=\"elementor-widget-container\">\n\t\t\t<div class=\"elementor-image-box-wrapper\"><figure class=\"elementor-image-box-img\"><a href=\"https:\/\/ahsapdunyasi.com.tr\/?page_id=3943\" tabindex=\"-1\"><img decoding=\"async\" width=\"1080\" height=\"1080\" src=\"https:\/\/ahsapdunyasi.com.tr\/wp-content\/uploads\/2026\/01\/5-1.png\" class=\"attachment-full size-full wp-image-3958\" alt=\"\" srcset=\"https:\/\/ahsapdunyasi.com.tr\/wp-content\/uploads\/2026\/01\/5-1.png 1080w, https:\/\/ahsapdunyasi.com.tr\/wp-content\/uploads\/2026\/01\/5-1-300x300.png 300w, https:\/\/ahsapdunyasi.com.tr\/wp-content\/uploads\/2026\/01\/5-1-1024x1024.png 1024w, https:\/\/ahsapdunyasi.com.tr\/wp-content\/uploads\/2026\/01\/5-1-150x150.png 150w, https:\/\/ahsapdunyasi.com.tr\/wp-content\/uploads\/2026\/01\/5-1-768x768.png 768w, https:\/\/ahsapdunyasi.com.tr\/wp-content\/uploads\/2026\/01\/5-1-650x650.png 650w\" sizes=\"(max-width: 1080px) 100vw, 1080px\" \/><\/a><\/figure><div class=\"elementor-image-box-content\"><h3 class=\"elementor-image-box-title\"><a href=\"https:\/\/ahsapdunyasi.com.tr\/?page_id=3943\">KLAS\u0130K SER\u0130 - 2<\/a><\/h3><\/div><\/div>\t\t<\/div>\n\t\t\t\t<\/div>\n\t\t\t\t<\/div>\n\t\t<div class=\"elementor-element elementor-element-69b7230c e-con-full e-flex e-con e-child\" data-id=\"69b7230c\" data-element_type=\"container\">\n\t\t\t\t<div class=\"elementor-element elementor-element-31d6b9db elementor-position-top elementor-widget elementor-widget-image-box\" data-id=\"31d6b9db\" data-element_type=\"widget\" data-widget_type=\"image-box.default\">\n\t\t\t\t<div class=\"elementor-widget-container\">\n\t\t\t<div class=\"elementor-image-box-wrapper\"><figure class=\"elementor-image-box-img\"><a href=\"https:\/\/ahsapdunyasi.com.tr\/?page_id=3966\" tabindex=\"-1\"><img decoding=\"async\" width=\"1080\" height=\"1080\" src=\"https:\/\/ahsapdunyasi.com.tr\/wp-content\/uploads\/2026\/01\/5-2.png\" class=\"attachment-full size-full wp-image-3983\" alt=\"\" srcset=\"https:\/\/ahsapdunyasi.com.tr\/wp-content\/uploads\/2026\/01\/5-2.png 1080w, https:\/\/ahsapdunyasi.com.tr\/wp-content\/uploads\/2026\/01\/5-2-300x300.png 300w, https:\/\/ahsapdunyasi.com.tr\/wp-content\/uploads\/2026\/01\/5-2-1024x1024.png 1024w, https:\/\/ahsapdunyasi.com.tr\/wp-content\/uploads\/2026\/01\/5-2-150x150.png 150w, https:\/\/ahsapdunyasi.com.tr\/wp-content\/uploads\/2026\/01\/5-2-768x768.png 768w, https:\/\/ahsapdunyasi.com.tr\/wp-content\/uploads\/2026\/01\/5-2-650x650.png 650w\" sizes=\"(max-width: 1080px) 100vw, 1080px\" \/><\/a><\/figure><div class=\"elementor-image-box-content\"><h3 class=\"elementor-image-box-title\"><a href=\"https:\/\/ahsapdunyasi.com.tr\/?page_id=3966\">PANOLU \u0130K\u0130L\u0130 F\u0130TNESS EK\u0130PMANLARI<\/a><\/h3><\/div><\/div>\t\t<\/div>\n\t\t\t\t<\/div>\n\t\t\t\t<\/div>\n\t\t\t\t\t<\/div>\n\t\t\t\t<\/div>\n\t\t<div class=\"elementor-element elementor-element-e4778ce e-flex e-con-boxed e-con e-parent\" data-id=\"e4778ce\" data-element_type=\"container\">\n\t\t\t\t\t<div class=\"e-con-inner\">\n\t\t<div class=\"elementor-element elementor-element-1b31ae8 e-con-full e-flex e-con e-child\" data-id=\"1b31ae8\" data-element_type=\"container\">\n\t\t\t\t<div class=\"elementor-element elementor-element-54877f5 elementor-position-top elementor-widget elementor-widget-image-box\" data-id=\"54877f5\" data-element_type=\"widget\" data-widget_type=\"image-box.default\">\n\t\t\t\t<div class=\"elementor-widget-container\">\n\t\t\t<div class=\"elementor-image-box-wrapper\"><figure class=\"elementor-image-box-img\"><a href=\"https:\/\/ahsapdunyasi.com.tr\/?page_id=4011\" tabindex=\"-1\"><img loading=\"lazy\" decoding=\"async\" width=\"1080\" height=\"1080\" src=\"https:\/\/ahsapdunyasi.com.tr\/wp-content\/uploads\/2026\/01\/4-4.png\" class=\"attachment-full size-full wp-image-4016\" alt=\"\" srcset=\"https:\/\/ahsapdunyasi.com.tr\/wp-content\/uploads\/2026\/01\/4-4.png 1080w, https:\/\/ahsapdunyasi.com.tr\/wp-content\/uploads\/2026\/01\/4-4-300x300.png 300w, https:\/\/ahsapdunyasi.com.tr\/wp-content\/uploads\/2026\/01\/4-4-1024x1024.png 1024w, https:\/\/ahsapdunyasi.com.tr\/wp-content\/uploads\/2026\/01\/4-4-150x150.png 150w, https:\/\/ahsapdunyasi.com.tr\/wp-content\/uploads\/2026\/01\/4-4-768x768.png 768w, https:\/\/ahsapdunyasi.com.tr\/wp-content\/uploads\/2026\/01\/4-4-650x650.png 650w\" sizes=\"(max-width: 1080px) 100vw, 1080px\" \/><\/a><\/figure><div class=\"elementor-image-box-content\"><h3 class=\"elementor-image-box-title\"><a href=\"https:\/\/ahsapdunyasi.com.tr\/?page_id=4011\">PANOLU \u00dc\u00c7L\u00dc F\u0130TNESS EK\u0130PMANLARI<\/a><\/h3><\/div><\/div>\t\t<\/div>\n\t\t\t\t<\/div>\n\t\t\t\t<div class=\"elementor-element elementor-element-e00de86 elementor-position-top elementor-widget elementor-widget-image-box\" data-id=\"e00de86\" data-element_type=\"widget\" data-widget_type=\"image-box.default\">\n\t\t\t\t<div class=\"elementor-widget-container\">\n\t\t\t<div class=\"elementor-image-box-wrapper\"><figure class=\"elementor-image-box-img\"><a href=\"https:\/\/ahsapdunyasi.com.tr\/?page_id=4061\" tabindex=\"-1\"><img loading=\"lazy\" decoding=\"async\" width=\"1080\" height=\"1080\" src=\"https:\/\/ahsapdunyasi.com.tr\/wp-content\/uploads\/2026\/01\/4-5.png\" class=\"attachment-full size-full wp-image-4026\" alt=\"\" srcset=\"https:\/\/ahsapdunyasi.com.tr\/wp-content\/uploads\/2026\/01\/4-5.png 1080w, https:\/\/ahsapdunyasi.com.tr\/wp-content\/uploads\/2026\/01\/4-5-300x300.png 300w, https:\/\/ahsapdunyasi.com.tr\/wp-content\/uploads\/2026\/01\/4-5-1024x1024.png 1024w, https:\/\/ahsapdunyasi.com.tr\/wp-content\/uploads\/2026\/01\/4-5-150x150.png 150w, https:\/\/ahsapdunyasi.com.tr\/wp-content\/uploads\/2026\/01\/4-5-768x768.png 768w, https:\/\/ahsapdunyasi.com.tr\/wp-content\/uploads\/2026\/01\/4-5-650x650.png 650w\" sizes=\"(max-width: 1080px) 100vw, 1080px\" \/><\/a><\/figure><div class=\"elementor-image-box-content\"><h3 class=\"elementor-image-box-title\"><a href=\"https:\/\/ahsapdunyasi.com.tr\/?page_id=4061\">ENGELS\u0130Z F\u0130TNESS EK\u0130PMANLARI<\/a><\/h3><\/div><\/div>\t\t<\/div>\n\t\t\t\t<\/div>\n\t\t\t\t<\/div>\n\t\t<div class=\"elementor-element elementor-element-0062da9 e-con-full e-flex e-con e-child\" data-id=\"0062da9\" data-element_type=\"container\">\n\t\t\t\t<div class=\"elementor-element elementor-element-7319f44 elementor-position-top elementor-widget elementor-widget-image-box\" data-id=\"7319f44\" data-element_type=\"widget\" data-widget_type=\"image-box.default\">\n\t\t\t\t<div class=\"elementor-widget-container\">\n\t\t\t<div class=\"elementor-image-box-wrapper\"><figure class=\"elementor-image-box-img\"><a href=\"https:\/\/ahsapdunyasi.com.tr\/?page_id=4031\" tabindex=\"-1\"><img loading=\"lazy\" decoding=\"async\" width=\"1080\" height=\"1080\" src=\"https:\/\/ahsapdunyasi.com.tr\/wp-content\/uploads\/2026\/01\/1-4.png\" class=\"attachment-full size-full wp-image-4024\" alt=\"\" srcset=\"https:\/\/ahsapdunyasi.com.tr\/wp-content\/uploads\/2026\/01\/1-4.png 1080w, https:\/\/ahsapdunyasi.com.tr\/wp-content\/uploads\/2026\/01\/1-4-300x300.png 300w, https:\/\/ahsapdunyasi.com.tr\/wp-content\/uploads\/2026\/01\/1-4-1024x1024.png 1024w, https:\/\/ahsapdunyasi.com.tr\/wp-content\/uploads\/2026\/01\/1-4-150x150.png 150w, https:\/\/ahsapdunyasi.com.tr\/wp-content\/uploads\/2026\/01\/1-4-768x768.png 768w, https:\/\/ahsapdunyasi.com.tr\/wp-content\/uploads\/2026\/01\/1-4-650x650.png 650w\" sizes=\"(max-width: 1080px) 100vw, 1080px\" \/><\/a><\/figure><div class=\"elementor-image-box-content\"><h3 class=\"elementor-image-box-title\"><a href=\"https:\/\/ahsapdunyasi.com.tr\/?page_id=4031\">ALTIGEN F\u0130TNESS<\/a><\/h3><\/div><\/div>\t\t<\/div>\n\t\t\t\t<\/div>\n\t\t\t\t<\/div>\n\t\t<div class=\"elementor-element elementor-element-10a822c e-con-full e-flex e-con e-child\" data-id=\"10a822c\" data-element_type=\"container\">\n\t\t\t\t<div class=\"elementor-element elementor-element-54b4b86 elementor-position-top elementor-widget elementor-widget-image-box\" data-id=\"54b4b86\" data-element_type=\"widget\" data-widget_type=\"image-box.default\">\n\t\t\t\t<div class=\"elementor-widget-container\">\n\t\t\t<div class=\"elementor-image-box-wrapper\"><figure class=\"elementor-image-box-img\"><a href=\"https:\/\/ahsapdunyasi.com.tr\/?page_id=4047\" tabindex=\"-1\"><img loading=\"lazy\" decoding=\"async\" width=\"1080\" height=\"1080\" src=\"https:\/\/ahsapdunyasi.com.tr\/wp-content\/uploads\/2026\/01\/2-4.png\" class=\"attachment-full size-full wp-image-4025\" alt=\"\" srcset=\"https:\/\/ahsapdunyasi.com.tr\/wp-content\/uploads\/2026\/01\/2-4.png 1080w, https:\/\/ahsapdunyasi.com.tr\/wp-content\/uploads\/2026\/01\/2-4-300x300.png 300w, https:\/\/ahsapdunyasi.com.tr\/wp-content\/uploads\/2026\/01\/2-4-1024x1024.png 1024w, https:\/\/ahsapdunyasi.com.tr\/wp-content\/uploads\/2026\/01\/2-4-150x150.png 150w, https:\/\/ahsapdunyasi.com.tr\/wp-content\/uploads\/2026\/01\/2-4-768x768.png 768w, https:\/\/ahsapdunyasi.com.tr\/wp-content\/uploads\/2026\/01\/2-4-650x650.png 650w\" sizes=\"(max-width: 1080px) 100vw, 1080px\" \/><\/a><\/figure><div class=\"elementor-image-box-content\"><h3 class=\"elementor-image-box-title\"><a href=\"https:\/\/ahsapdunyasi.com.tr\/?page_id=4047\">F\u0130TNESS \u0130STASYONU<\/a><\/h3><\/div><\/div>\t\t<\/div>\n\t\t\t\t<\/div>\n\t\t\t\t<\/div>\n\t\t\t\t\t<\/div>\n\t\t\t\t<\/div>\n\t\t\t\t<\/div>\n\t\t","protected":false},"excerpt":{"rendered":"<p>D\u0131\u015f Mekan Spor Aletleri KLAS\u0130K SER\u0130 &#8211; 1 KLAS\u0130K SER\u0130 &#8211; 2 PANOLU \u0130K\u0130L\u0130 F\u0130TNESS EK\u0130PMANLARI PANOLU \u00dc\u00c7L\u00dc F\u0130TNESS EK\u0130PMANLARI ENGELS\u0130Z F\u0130TNESS [&hellip;]<\/p>\n","protected":false},"author":1,"featured_media":0,"parent":0,"menu_order":0,"comment_status":"closed","ping_status":"closed","template":"","meta":{"footnotes":""},"class_list":["post-198","page","type-page","status-publish","hentry"],"_links":{"self":[{"href":"https:\/\/ahsapdunyasi.com.tr\/index.php?rest_route=\/wp\/v2\/pages\/198","targetHints":{"allow":["GET"]}}],"collection":[{"href":"https:\/\/ahsapdunyasi.com.tr\/index.php?rest_route=\/wp\/v2\/pages"}],"about":[{"href":"https:\/\/ahsapdunyasi.com.tr\/index.php?rest_route=\/wp\/v2\/types\/page"}],"author":[{"embeddable":true,"href":"https:\/\/ahsapdunyasi.com.tr\/index.php?rest_route=\/wp\/v2\/users\/1"}],"replies":[{"embeddable":true,"href":"https:\/\/ahsapdunyasi.com.tr\/index.php?rest_route=%2Fwp%2Fv2%2Fcomments&post=198"}],"version-history":[{"count":32,"href":"https:\/\/ahsapdunyasi.com.tr\/index.php?rest_route=\/wp\/v2\/pages\/198\/revisions"}],"predecessor-version":[{"id":4075,"href":"https:\/\/ahsapdunyasi.com.tr\/index.php?rest_route=\/wp\/v2\/pages\/198\/revisions\/4075"}],"wp:attachment":[{"href":"https:\/\/ahsapdunyasi.com.tr\/index.php?rest_route=%2Fwp%2Fv2%2Fmedia&parent=198"}],"curies":[{"name":"wp","href":"https:\/\/api.w.org\/{rel}","templated":true}]}}