{"id":200,"date":"2024-07-24T01:46:13","date_gmt":"2024-07-23T22:46:13","guid":{"rendered":"https:\/\/ssgroupag.com\/ahsap\/?page_id=200"},"modified":"2024-08-29T18:36:48","modified_gmt":"2024-08-29T15:36:48","slug":"cop-kovalari","status":"publish","type":"page","link":"https:\/\/ahsapdunyasi.com.tr\/?page_id=200","title":{"rendered":"\u00c7\u00f6p Kovalar\u0131"},"content":{"rendered":"\t\t<div data-elementor-type=\"wp-page\" data-elementor-id=\"200\" class=\"elementor elementor-200\">\n\t\t\t\t<div class=\"elementor-element elementor-element-a9fa8da e-flex e-con-boxed e-con e-parent\" data-id=\"a9fa8da\" data-element_type=\"container\" data-settings=\"{&quot;background_background&quot;:&quot;gradient&quot;}\">\n\t\t\t\t\t<div class=\"e-con-inner\">\n\t\t\t\t<div class=\"elementor-element elementor-element-0712071 elementor-widget elementor-widget-heading\" data-id=\"0712071\" data-element_type=\"widget\" data-widget_type=\"heading.default\">\n\t\t\t\t<div class=\"elementor-widget-container\">\n\t\t\t<style>\/*! elementor - v3.23.0 - 15-07-2024 *\/\n.elementor-heading-title{padding:0;margin:0;line-height:1}.elementor-widget-heading .elementor-heading-title[class*=elementor-size-]>a{color:inherit;font-size:inherit;line-height:inherit}.elementor-widget-heading .elementor-heading-title.elementor-size-small{font-size:15px}.elementor-widget-heading .elementor-heading-title.elementor-size-medium{font-size:19px}.elementor-widget-heading .elementor-heading-title.elementor-size-large{font-size:29px}.elementor-widget-heading .elementor-heading-title.elementor-size-xl{font-size:39px}.elementor-widget-heading .elementor-heading-title.elementor-size-xxl{font-size:59px}<\/style><h2 class=\"elementor-heading-title elementor-size-default\">\u00c7\u00f6p Kovalar\u0131<\/h2>\t\t<\/div>\n\t\t\t\t<\/div>\n\t\t\t\t\t<\/div>\n\t\t\t\t<\/div>\n\t\t<div class=\"elementor-element elementor-element-35ac0755 e-flex e-con-boxed e-con e-parent\" data-id=\"35ac0755\" data-element_type=\"container\">\n\t\t\t\t\t<div class=\"e-con-inner\">\n\t\t<div class=\"elementor-element elementor-element-5c1558ed e-con-full e-flex e-con e-child\" data-id=\"5c1558ed\" data-element_type=\"container\">\n\t\t\t\t<div class=\"elementor-element elementor-element-5eac308c elementor-position-top elementor-widget elementor-widget-image-box\" data-id=\"5eac308c\" data-element_type=\"widget\" data-widget_type=\"image-box.default\">\n\t\t\t\t<div class=\"elementor-widget-container\">\n\t\t\t<style>\/*! elementor - v3.23.0 - 15-07-2024 *\/\n.elementor-widget-image-box .elementor-image-box-content{width:100%}@media (min-width:768px){.elementor-widget-image-box.elementor-position-left .elementor-image-box-wrapper,.elementor-widget-image-box.elementor-position-right .elementor-image-box-wrapper{display:flex}.elementor-widget-image-box.elementor-position-right .elementor-image-box-wrapper{text-align:end;flex-direction:row-reverse}.elementor-widget-image-box.elementor-position-left .elementor-image-box-wrapper{text-align:start;flex-direction:row}.elementor-widget-image-box.elementor-position-top .elementor-image-box-img{margin:auto}.elementor-widget-image-box.elementor-vertical-align-top .elementor-image-box-wrapper{align-items:flex-start}.elementor-widget-image-box.elementor-vertical-align-middle .elementor-image-box-wrapper{align-items:center}.elementor-widget-image-box.elementor-vertical-align-bottom .elementor-image-box-wrapper{align-items:flex-end}}@media (max-width:767px){.elementor-widget-image-box .elementor-image-box-img{margin-left:auto!important;margin-right:auto!important;margin-bottom:15px}}.elementor-widget-image-box .elementor-image-box-img{display:inline-block}.elementor-widget-image-box .elementor-image-box-title a{color:inherit}.elementor-widget-image-box .elementor-image-box-wrapper{text-align:center}.elementor-widget-image-box .elementor-image-box-description{margin:0}<\/style><div class=\"elementor-image-box-wrapper\"><figure class=\"elementor-image-box-img\"><img fetchpriority=\"high\" decoding=\"async\" width=\"1080\" height=\"1080\" src=\"https:\/\/ahsapdunyasi.com.tr\/wp-content\/uploads\/2024\/07\/1.png\" class=\"attachment-full size-full wp-image-276\" alt=\"\" srcset=\"https:\/\/ahsapdunyasi.com.tr\/wp-content\/uploads\/2024\/07\/1.png 1080w, https:\/\/ahsapdunyasi.com.tr\/wp-content\/uploads\/2024\/07\/1-300x300.png 300w, https:\/\/ahsapdunyasi.com.tr\/wp-content\/uploads\/2024\/07\/1-1024x1024.png 1024w, https:\/\/ahsapdunyasi.com.tr\/wp-content\/uploads\/2024\/07\/1-150x150.png 150w, https:\/\/ahsapdunyasi.com.tr\/wp-content\/uploads\/2024\/07\/1-768x768.png 768w, https:\/\/ahsapdunyasi.com.tr\/wp-content\/uploads\/2024\/07\/1-650x650.png 650w\" sizes=\"(max-width: 1080px) 100vw, 1080px\" \/><\/figure><div class=\"elementor-image-box-content\"><h3 class=\"elementor-image-box-title\">AOE-1<\/h3><\/div><\/div>\t\t<\/div>\n\t\t\t\t<\/div>\n\t\t\t\t<\/div>\n\t\t<div class=\"elementor-element elementor-element-2e3fb8c0 e-con-full e-flex e-con e-child\" data-id=\"2e3fb8c0\" data-element_type=\"container\">\n\t\t\t\t<div class=\"elementor-element elementor-element-c8160ca elementor-position-top elementor-widget elementor-widget-image-box\" data-id=\"c8160ca\" data-element_type=\"widget\" data-widget_type=\"image-box.default\">\n\t\t\t\t<div class=\"elementor-widget-container\">\n\t\t\t<div class=\"elementor-image-box-wrapper\"><figure class=\"elementor-image-box-img\"><img fetchpriority=\"high\" decoding=\"async\" width=\"1080\" height=\"1080\" src=\"https:\/\/ahsapdunyasi.com.tr\/wp-content\/uploads\/2024\/07\/1.png\" class=\"attachment-full size-full wp-image-276\" alt=\"\" srcset=\"https:\/\/ahsapdunyasi.com.tr\/wp-content\/uploads\/2024\/07\/1.png 1080w, https:\/\/ahsapdunyasi.com.tr\/wp-content\/uploads\/2024\/07\/1-300x300.png 300w, https:\/\/ahsapdunyasi.com.tr\/wp-content\/uploads\/2024\/07\/1-1024x1024.png 1024w, https:\/\/ahsapdunyasi.com.tr\/wp-content\/uploads\/2024\/07\/1-150x150.png 150w, https:\/\/ahsapdunyasi.com.tr\/wp-content\/uploads\/2024\/07\/1-768x768.png 768w, https:\/\/ahsapdunyasi.com.tr\/wp-content\/uploads\/2024\/07\/1-650x650.png 650w\" sizes=\"(max-width: 1080px) 100vw, 1080px\" \/><\/figure><div class=\"elementor-image-box-content\"><h3 class=\"elementor-image-box-title\">AOE-2<\/h3><\/div><\/div>\t\t<\/div>\n\t\t\t\t<\/div>\n\t\t\t\t<\/div>\n\t\t<div class=\"elementor-element elementor-element-1d507876 e-con-full e-flex e-con e-child\" data-id=\"1d507876\" data-element_type=\"container\">\n\t\t\t\t<div class=\"elementor-element elementor-element-78090471 elementor-position-top elementor-widget elementor-widget-image-box\" data-id=\"78090471\" data-element_type=\"widget\" data-widget_type=\"image-box.default\">\n\t\t\t\t<div class=\"elementor-widget-container\">\n\t\t\t<div class=\"elementor-image-box-wrapper\"><figure class=\"elementor-image-box-img\"><img fetchpriority=\"high\" decoding=\"async\" width=\"1080\" height=\"1080\" src=\"https:\/\/ahsapdunyasi.com.tr\/wp-content\/uploads\/2024\/07\/1.png\" class=\"attachment-full size-full wp-image-276\" alt=\"\" srcset=\"https:\/\/ahsapdunyasi.com.tr\/wp-content\/uploads\/2024\/07\/1.png 1080w, https:\/\/ahsapdunyasi.com.tr\/wp-content\/uploads\/2024\/07\/1-300x300.png 300w, https:\/\/ahsapdunyasi.com.tr\/wp-content\/uploads\/2024\/07\/1-1024x1024.png 1024w, https:\/\/ahsapdunyasi.com.tr\/wp-content\/uploads\/2024\/07\/1-150x150.png 150w, https:\/\/ahsapdunyasi.com.tr\/wp-content\/uploads\/2024\/07\/1-768x768.png 768w, https:\/\/ahsapdunyasi.com.tr\/wp-content\/uploads\/2024\/07\/1-650x650.png 650w\" sizes=\"(max-width: 1080px) 100vw, 1080px\" \/><\/figure><div class=\"elementor-image-box-content\"><h3 class=\"elementor-image-box-title\">AOE-3<\/h3><\/div><\/div>\t\t<\/div>\n\t\t\t\t<\/div>\n\t\t\t\t<\/div>\n\t\t\t\t\t<\/div>\n\t\t\t\t<\/div>\n\t\t\t\t<\/div>\n\t\t","protected":false},"excerpt":{"rendered":"<p>\u00c7\u00f6p Kovalar\u0131 AOE-1 AOE-2 AOE-3<\/p>\n","protected":false},"author":1,"featured_media":0,"parent":0,"menu_order":0,"comment_status":"closed","ping_status":"closed","template":"","meta":{"footnotes":""},"class_list":["post-200","page","type-page","status-publish","hentry"],"_links":{"self":[{"href":"https:\/\/ahsapdunyasi.com.tr\/index.php?rest_route=\/wp\/v2\/pages\/200","targetHints":{"allow":["GET"]}}],"collection":[{"href":"https:\/\/ahsapdunyasi.com.tr\/index.php?rest_route=\/wp\/v2\/pages"}],"about":[{"href":"https:\/\/ahsapdunyasi.com.tr\/index.php?rest_route=\/wp\/v2\/types\/page"}],"author":[{"embeddable":true,"href":"https:\/\/ahsapdunyasi.com.tr\/index.php?rest_route=\/wp\/v2\/users\/1"}],"replies":[{"embeddable":true,"href":"https:\/\/ahsapdunyasi.com.tr\/index.php?rest_route=%2Fwp%2Fv2%2Fcomments&post=200"}],"version-history":[{"count":4,"href":"https:\/\/ahsapdunyasi.com.tr\/index.php?rest_route=\/wp\/v2\/pages\/200\/revisions"}],"predecessor-version":[{"id":587,"href":"https:\/\/ahsapdunyasi.com.tr\/index.php?rest_route=\/wp\/v2\/pages\/200\/revisions\/587"}],"wp:attachment":[{"href":"https:\/\/ahsapdunyasi.com.tr\/index.php?rest_route=%2Fwp%2Fv2%2Fmedia&parent=200"}],"curies":[{"name":"wp","href":"https:\/\/api.w.org\/{rel}","templated":true}]}}