{"id":298,"date":"2024-07-24T09:59:25","date_gmt":"2024-07-24T06:59:25","guid":{"rendered":"https:\/\/ssgroupag.com\/ahsap\/?page_id=298"},"modified":"2024-08-16T14:54:17","modified_gmt":"2024-08-16T11:54:17","slug":"hizmetlerimiz","status":"publish","type":"page","link":"https:\/\/ahsapdunyasi.com.tr\/?page_id=298","title":{"rendered":"Hizmetlerimiz"},"content":{"rendered":"\t\t<div data-elementor-type=\"wp-page\" data-elementor-id=\"298\" class=\"elementor elementor-298\">\n\t\t\t\t\t\t<div class=\"elementor-section elementor-top-section elementor-element elementor-element-43a1d63a elementor-section-boxed elementor-section-height-default elementor-section-height-default\" data-id=\"43a1d63a\" data-element_type=\"section\" data-settings=\"{&quot;background_background&quot;:&quot;classic&quot;}\">\n\t\t\t\t\t\t\t<div class=\"elementor-background-overlay\"><\/div>\n\t\t\t\t\t\t\t<div class=\"elementor-container elementor-column-gap-default\">\n\t\t\t\t\t<div class=\"elementor-column elementor-col-100 elementor-top-column elementor-element elementor-element-580cfd14\" data-id=\"580cfd14\" data-element_type=\"column\">\n\t\t\t<div class=\"elementor-widget-wrap elementor-element-populated\">\n\t\t\t\t\t\t<div class=\"elementor-element elementor-element-50365c14 elementor-widget elementor-widget-heading\" data-id=\"50365c14\" data-element_type=\"widget\" data-widget_type=\"heading.default\">\n\t\t\t\t<div class=\"elementor-widget-container\">\n\t\t\t<style>\/*! elementor - v3.23.0 - 15-07-2024 *\/\n.elementor-heading-title{padding:0;margin:0;line-height:1}.elementor-widget-heading .elementor-heading-title[class*=elementor-size-]>a{color:inherit;font-size:inherit;line-height:inherit}.elementor-widget-heading .elementor-heading-title.elementor-size-small{font-size:15px}.elementor-widget-heading .elementor-heading-title.elementor-size-medium{font-size:19px}.elementor-widget-heading .elementor-heading-title.elementor-size-large{font-size:29px}.elementor-widget-heading .elementor-heading-title.elementor-size-xl{font-size:39px}.elementor-widget-heading .elementor-heading-title.elementor-size-xxl{font-size:59px}<\/style><h1 class=\"elementor-heading-title elementor-size-default\">Hizmetlerimiz<\/h1>\t\t<\/div>\n\t\t\t\t<\/div>\n\t\t\t\t\t<\/div>\n\t\t<\/div>\n\t\t\t\t\t<\/div>\n\t\t<\/div>\n\t\t\t\t<div class=\"elementor-section elementor-top-section elementor-element elementor-element-25f249f0 elementor-section-boxed elementor-section-height-default elementor-section-height-default\" data-id=\"25f249f0\" data-element_type=\"section\">\n\t\t\t\t\t\t<div class=\"elementor-container elementor-column-gap-default\">\n\t\t\t\t\t<div class=\"elementor-column elementor-col-50 elementor-top-column elementor-element elementor-element-5a32222c\" data-id=\"5a32222c\" data-element_type=\"column\">\n\t\t\t<div class=\"elementor-widget-wrap elementor-element-populated\">\n\t\t\t\t\t\t<div class=\"elementor-element elementor-element-6d9a8aa animated-slow elementor-invisible elementor-widget elementor-widget-image\" data-id=\"6d9a8aa\" data-element_type=\"widget\" data-settings=\"{&quot;_animation&quot;:&quot;fadeInLeft&quot;,&quot;_animation_delay&quot;:500}\" data-widget_type=\"image.default\">\n\t\t\t\t<div class=\"elementor-widget-container\">\n\t\t\t<style>\/*! elementor - v3.23.0 - 15-07-2024 *\/\n.elementor-widget-image{text-align:center}.elementor-widget-image a{display:inline-block}.elementor-widget-image a img[src$=\".svg\"]{width:48px}.elementor-widget-image img{vertical-align:middle;display:inline-block}<\/style>\t\t\t\t\t\t\t\t\t\t<img fetchpriority=\"high\" decoding=\"async\" width=\"1600\" height=\"1200\" src=\"https:\/\/ahsapdunyasi.com.tr\/wp-content\/uploads\/2024\/08\/WhatsApp-Image-2024-08-16-at-14.35.13.jpeg\" class=\"attachment-full size-full wp-image-407\" alt=\"\" srcset=\"https:\/\/ahsapdunyasi.com.tr\/wp-content\/uploads\/2024\/08\/WhatsApp-Image-2024-08-16-at-14.35.13.jpeg 1600w, https:\/\/ahsapdunyasi.com.tr\/wp-content\/uploads\/2024\/08\/WhatsApp-Image-2024-08-16-at-14.35.13-300x225.jpeg 300w, https:\/\/ahsapdunyasi.com.tr\/wp-content\/uploads\/2024\/08\/WhatsApp-Image-2024-08-16-at-14.35.13-1024x768.jpeg 1024w, https:\/\/ahsapdunyasi.com.tr\/wp-content\/uploads\/2024\/08\/WhatsApp-Image-2024-08-16-at-14.35.13-768x576.jpeg 768w, https:\/\/ahsapdunyasi.com.tr\/wp-content\/uploads\/2024\/08\/WhatsApp-Image-2024-08-16-at-14.35.13-1536x1152.jpeg 1536w, https:\/\/ahsapdunyasi.com.tr\/wp-content\/uploads\/2024\/08\/WhatsApp-Image-2024-08-16-at-14.35.13-650x488.jpeg 650w\" sizes=\"(max-width: 1600px) 100vw, 1600px\" \/>\t\t\t\t\t\t\t\t\t\t\t\t\t<\/div>\n\t\t\t\t<\/div>\n\t\t\t\t\t<\/div>\n\t\t<\/div>\n\t\t\t\t<div class=\"elementor-column elementor-col-50 elementor-top-column elementor-element elementor-element-459c54cf elementor-invisible\" data-id=\"459c54cf\" data-element_type=\"column\" data-settings=\"{&quot;animation&quot;:&quot;fadeInRight&quot;}\">\n\t\t\t<div class=\"elementor-widget-wrap elementor-element-populated\">\n\t\t\t\t\t\t<div class=\"elementor-element elementor-element-1dfadee5 elementor-widget__width-initial elementor-widget-tablet__width-initial elementor-widget-mobile__width-inherit  ui-split-animate ui-splitby-chars elementor-widget elementor-widget-heading\" data-id=\"1dfadee5\" data-element_type=\"widget\" data-settings=\"{&quot;ui_animate_split&quot;:&quot;ui-split-animate&quot;,&quot;ui_animate_split_by&quot;:&quot;chars&quot;,&quot;ui_animate_split_style&quot;:&quot;fadeInUp&quot;}\" data-widget_type=\"heading.default\">\n\t\t\t\t<div class=\"elementor-widget-container\">\n\t\t\t<h2 class=\"elementor-heading-title elementor-size-default\">Bak\u0131m Onar\u0131m<\/h2>\t\t<\/div>\n\t\t\t\t<\/div>\n\t\t\t\t<div class=\"elementor-element elementor-element-25be56bd elementor-widget elementor-widget-text-editor\" data-id=\"25be56bd\" data-element_type=\"widget\" data-widget_type=\"text-editor.default\">\n\t\t\t\t<div class=\"elementor-widget-container\">\n\t\t\t<style>\/*! elementor - v3.23.0 - 15-07-2024 *\/\n.elementor-widget-text-editor.elementor-drop-cap-view-stacked .elementor-drop-cap{background-color:#69727d;color:#fff}.elementor-widget-text-editor.elementor-drop-cap-view-framed .elementor-drop-cap{color:#69727d;border:3px solid;background-color:transparent}.elementor-widget-text-editor:not(.elementor-drop-cap-view-default) .elementor-drop-cap{margin-top:8px}.elementor-widget-text-editor:not(.elementor-drop-cap-view-default) .elementor-drop-cap-letter{width:1em;height:1em}.elementor-widget-text-editor .elementor-drop-cap{float:left;text-align:center;line-height:1;font-size:50px}.elementor-widget-text-editor .elementor-drop-cap-letter{display:inline-block}<\/style>\t\t\t\t<p>Ah\u015fap D\u00fcnyas\u0131 olarak, \u00fcr\u00fcnlerinizin uzun \u00f6m\u00fcrl\u00fc ve g\u00fcvenli kullan\u0131m\u0131n\u0131 sa\u011flamak amac\u0131yla kapsaml\u0131 bak\u0131m ve onar\u0131m hizmetleri sunuyoruz. Profesyonel ekibimiz, ah\u015fap ve metal park ekipmanlar\u0131n\u0131z\u0131n d\u00fczenli bak\u0131m\u0131n\u0131 ve gerekti\u011finde onar\u0131m\u0131n\u0131 yaparak, her zaman en iyi durumda olmalar\u0131n\u0131 sa\u011flar. Kalite ve g\u00fcvenilirli\u011fi \u00f6n planda tutarak, sizlere kesintisiz ve sorunsuz bir hizmet sunmak i\u00e7in buraday\u0131z.<\/p>\t\t\t\t\t\t<\/div>\n\t\t\t\t<\/div>\n\t\t\t\t\t<\/div>\n\t\t<\/div>\n\t\t\t\t\t<\/div>\n\t\t<\/div>\n\t\t\t\t<div class=\"elementor-section elementor-top-section elementor-element elementor-element-b0717ad elementor-section-boxed elementor-section-height-default elementor-section-height-default\" data-id=\"b0717ad\" data-element_type=\"section\">\n\t\t\t\t\t\t<div class=\"elementor-container elementor-column-gap-default\">\n\t\t\t\t\t<div class=\"elementor-column elementor-col-50 elementor-top-column elementor-element elementor-element-c19954b\" data-id=\"c19954b\" data-element_type=\"column\">\n\t\t\t<div class=\"elementor-widget-wrap elementor-element-populated\">\n\t\t\t\t\t\t<div class=\"elementor-element elementor-element-2abd00b animated-slow elementor-invisible elementor-widget elementor-widget-image\" data-id=\"2abd00b\" data-element_type=\"widget\" data-settings=\"{&quot;_animation&quot;:&quot;fadeInLeft&quot;,&quot;_animation_delay&quot;:500}\" data-widget_type=\"image.default\">\n\t\t\t\t<div class=\"elementor-widget-container\">\n\t\t\t\t\t\t\t\t\t\t\t\t\t<img decoding=\"async\" width=\"2048\" height=\"1536\" src=\"https:\/\/ahsapdunyasi.com.tr\/wp-content\/uploads\/2024\/08\/WhatsApp-Image-2024-08-13-at-09.53.09.jpeg\" class=\"attachment-full size-full wp-image-399\" alt=\"\" srcset=\"https:\/\/ahsapdunyasi.com.tr\/wp-content\/uploads\/2024\/08\/WhatsApp-Image-2024-08-13-at-09.53.09.jpeg 2048w, https:\/\/ahsapdunyasi.com.tr\/wp-content\/uploads\/2024\/08\/WhatsApp-Image-2024-08-13-at-09.53.09-300x225.jpeg 300w, https:\/\/ahsapdunyasi.com.tr\/wp-content\/uploads\/2024\/08\/WhatsApp-Image-2024-08-13-at-09.53.09-1024x768.jpeg 1024w, https:\/\/ahsapdunyasi.com.tr\/wp-content\/uploads\/2024\/08\/WhatsApp-Image-2024-08-13-at-09.53.09-768x576.jpeg 768w, https:\/\/ahsapdunyasi.com.tr\/wp-content\/uploads\/2024\/08\/WhatsApp-Image-2024-08-13-at-09.53.09-1536x1152.jpeg 1536w, https:\/\/ahsapdunyasi.com.tr\/wp-content\/uploads\/2024\/08\/WhatsApp-Image-2024-08-13-at-09.53.09-650x488.jpeg 650w\" sizes=\"(max-width: 2048px) 100vw, 2048px\" \/>\t\t\t\t\t\t\t\t\t\t\t\t\t<\/div>\n\t\t\t\t<\/div>\n\t\t\t\t\t<\/div>\n\t\t<\/div>\n\t\t\t\t<div class=\"elementor-column elementor-col-50 elementor-top-column elementor-element elementor-element-d4d6f07 elementor-invisible\" data-id=\"d4d6f07\" data-element_type=\"column\" data-settings=\"{&quot;animation&quot;:&quot;fadeInRight&quot;}\">\n\t\t\t<div class=\"elementor-widget-wrap elementor-element-populated\">\n\t\t\t\t\t\t<div class=\"elementor-element elementor-element-d46f645 elementor-widget__width-initial elementor-widget-tablet__width-initial elementor-widget-mobile__width-inherit  ui-split-animate ui-splitby-chars elementor-widget elementor-widget-heading\" data-id=\"d46f645\" data-element_type=\"widget\" data-settings=\"{&quot;ui_animate_split&quot;:&quot;ui-split-animate&quot;,&quot;ui_animate_split_by&quot;:&quot;chars&quot;,&quot;ui_animate_split_style&quot;:&quot;fadeInUp&quot;}\" data-widget_type=\"heading.default\">\n\t\t\t\t<div class=\"elementor-widget-container\">\n\t\t\t<h2 class=\"elementor-heading-title elementor-size-default\">Kurulum ve Montaj<\/h2>\t\t<\/div>\n\t\t\t\t<\/div>\n\t\t\t\t<div class=\"elementor-element elementor-element-1820123 elementor-widget elementor-widget-text-editor\" data-id=\"1820123\" data-element_type=\"widget\" data-widget_type=\"text-editor.default\">\n\t\t\t\t<div class=\"elementor-widget-container\">\n\t\t\t\t\t\t\t<p>Ah\u015fap D\u00fcnyas\u0131 olarak, park ve ya\u015fam alanlar\u0131n\u0131z i\u00e7in \u00fcretti\u011fimiz \u00fcr\u00fcnlerin kurulum ve montaj hizmetlerini profesyonel bir \u015fekilde sunuyoruz. Uzman ekibimiz, projelerinizin t\u00fcm a\u015famalar\u0131nda yan\u0131n\u0131zda olup, kaliteli ve g\u00fcvenilir montaj hizmetleri ile \u00fcr\u00fcnlerinizi sorunsuz bir \u015fekilde kullan\u0131ma haz\u0131r hale getirir. \u0130\u015flerinizi zaman\u0131nda ve eksiksiz tamamlayarak, memnuniyetinizi her zaman \u00f6n planda tutar\u0131z.<\/p>\t\t\t\t\t\t<\/div>\n\t\t\t\t<\/div>\n\t\t\t\t\t<\/div>\n\t\t<\/div>\n\t\t\t\t\t<\/div>\n\t\t<\/div>\n\t\t\t\t<div class=\"elementor-section elementor-top-section elementor-element elementor-element-2427f92 elementor-section-boxed elementor-section-height-default elementor-section-height-default\" data-id=\"2427f92\" data-element_type=\"section\">\n\t\t\t\t\t\t<div class=\"elementor-container elementor-column-gap-default\">\n\t\t\t\t\t<div class=\"elementor-column elementor-col-50 elementor-top-column elementor-element elementor-element-2275135\" data-id=\"2275135\" data-element_type=\"column\">\n\t\t\t<div class=\"elementor-widget-wrap elementor-element-populated\">\n\t\t\t\t\t\t<div class=\"elementor-element elementor-element-92f2412 animated-slow elementor-invisible elementor-widget elementor-widget-image\" data-id=\"92f2412\" data-element_type=\"widget\" data-settings=\"{&quot;_animation&quot;:&quot;fadeInLeft&quot;,&quot;_animation_delay&quot;:500}\" data-widget_type=\"image.default\">\n\t\t\t\t<div class=\"elementor-widget-container\">\n\t\t\t\t\t\t\t\t\t\t\t\t\t<img decoding=\"async\" width=\"1600\" height=\"1200\" src=\"https:\/\/ahsapdunyasi.com.tr\/wp-content\/uploads\/2024\/08\/WhatsApp-Image-2024-08-12-at-12.45.11-2.jpeg\" class=\"attachment-full size-full wp-image-396\" alt=\"\" srcset=\"https:\/\/ahsapdunyasi.com.tr\/wp-content\/uploads\/2024\/08\/WhatsApp-Image-2024-08-12-at-12.45.11-2.jpeg 1600w, https:\/\/ahsapdunyasi.com.tr\/wp-content\/uploads\/2024\/08\/WhatsApp-Image-2024-08-12-at-12.45.11-2-300x225.jpeg 300w, https:\/\/ahsapdunyasi.com.tr\/wp-content\/uploads\/2024\/08\/WhatsApp-Image-2024-08-12-at-12.45.11-2-1024x768.jpeg 1024w, https:\/\/ahsapdunyasi.com.tr\/wp-content\/uploads\/2024\/08\/WhatsApp-Image-2024-08-12-at-12.45.11-2-768x576.jpeg 768w, https:\/\/ahsapdunyasi.com.tr\/wp-content\/uploads\/2024\/08\/WhatsApp-Image-2024-08-12-at-12.45.11-2-1536x1152.jpeg 1536w, https:\/\/ahsapdunyasi.com.tr\/wp-content\/uploads\/2024\/08\/WhatsApp-Image-2024-08-12-at-12.45.11-2-650x488.jpeg 650w\" sizes=\"(max-width: 1600px) 100vw, 1600px\" \/>\t\t\t\t\t\t\t\t\t\t\t\t\t<\/div>\n\t\t\t\t<\/div>\n\t\t\t\t\t<\/div>\n\t\t<\/div>\n\t\t\t\t<div class=\"elementor-column elementor-col-50 elementor-top-column elementor-element elementor-element-9dbf2c5 elementor-invisible\" data-id=\"9dbf2c5\" data-element_type=\"column\" data-settings=\"{&quot;animation&quot;:&quot;fadeInRight&quot;}\">\n\t\t\t<div class=\"elementor-widget-wrap elementor-element-populated\">\n\t\t\t\t\t\t<div class=\"elementor-element elementor-element-f1be7df elementor-widget__width-initial elementor-widget-tablet__width-initial elementor-widget-mobile__width-inherit  ui-split-animate ui-splitby-chars elementor-widget elementor-widget-heading\" data-id=\"f1be7df\" data-element_type=\"widget\" data-settings=\"{&quot;ui_animate_split&quot;:&quot;ui-split-animate&quot;,&quot;ui_animate_split_by&quot;:&quot;chars&quot;,&quot;ui_animate_split_style&quot;:&quot;fadeInUp&quot;}\" data-widget_type=\"heading.default\">\n\t\t\t\t<div class=\"elementor-widget-container\">\n\t\t\t<h2 class=\"elementor-heading-title elementor-size-default\">Park Peyzaj<\/h2>\t\t<\/div>\n\t\t\t\t<\/div>\n\t\t\t\t<div class=\"elementor-element elementor-element-b1efbfb elementor-widget elementor-widget-text-editor\" data-id=\"b1efbfb\" data-element_type=\"widget\" data-widget_type=\"text-editor.default\">\n\t\t\t\t<div class=\"elementor-widget-container\">\n\t\t\t\t\t\t\t<p>Ah\u015fap D\u00fcnyas\u0131 olarak, peyzaj projeleriniz i\u00e7in yarat\u0131c\u0131 ve estetik \u00e7\u00f6z\u00fcmler sunuyoruz. Deneyimli ekibimizle, do\u011fal g\u00fczellikleri ve fonksiyonelli\u011fi bir araya getirerek park, bah\u00e7e ve ya\u015fam alanlar\u0131n\u0131z\u0131 daha \u00e7ekici hale getiriyoruz. Tasar\u0131m, uygulama ve bak\u0131m a\u015famalar\u0131nda titizlikle \u00e7al\u0131\u015farak, hayalinizdeki ye\u015fil alanlar\u0131 ger\u00e7e\u011fe d\u00f6n\u00fc\u015ft\u00fcr\u00fcyoruz.<\/p>\t\t\t\t\t\t<\/div>\n\t\t\t\t<\/div>\n\t\t\t\t\t<\/div>\n\t\t<\/div>\n\t\t\t\t\t<\/div>\n\t\t<\/div>\n\t\t\t\t<\/div>\n\t\t","protected":false},"excerpt":{"rendered":"<p>Hizmetlerimiz Bak\u0131m Onar\u0131m Ah\u015fap D\u00fcnyas\u0131 olarak, \u00fcr\u00fcnlerinizin uzun \u00f6m\u00fcrl\u00fc ve g\u00fcvenli kullan\u0131m\u0131n\u0131 sa\u011flamak amac\u0131yla kapsaml\u0131 bak\u0131m ve onar\u0131m hizmetleri sunuyoruz. Profesyonel ekibimiz, [&hellip;]<\/p>\n","protected":false},"author":1,"featured_media":0,"parent":0,"menu_order":0,"comment_status":"closed","ping_status":"closed","template":"","meta":{"footnotes":""},"class_list":["post-298","page","type-page","status-publish","hentry"],"_links":{"self":[{"href":"https:\/\/ahsapdunyasi.com.tr\/index.php?rest_route=\/wp\/v2\/pages\/298","targetHints":{"allow":["GET"]}}],"collection":[{"href":"https:\/\/ahsapdunyasi.com.tr\/index.php?rest_route=\/wp\/v2\/pages"}],"about":[{"href":"https:\/\/ahsapdunyasi.com.tr\/index.php?rest_route=\/wp\/v2\/types\/page"}],"author":[{"embeddable":true,"href":"https:\/\/ahsapdunyasi.com.tr\/index.php?rest_route=\/wp\/v2\/users\/1"}],"replies":[{"embeddable":true,"href":"https:\/\/ahsapdunyasi.com.tr\/index.php?rest_route=%2Fwp%2Fv2%2Fcomments&post=298"}],"version-history":[{"count":7,"href":"https:\/\/ahsapdunyasi.com.tr\/index.php?rest_route=\/wp\/v2\/pages\/298\/revisions"}],"predecessor-version":[{"id":415,"href":"https:\/\/ahsapdunyasi.com.tr\/index.php?rest_route=\/wp\/v2\/pages\/298\/revisions\/415"}],"wp:attachment":[{"href":"https:\/\/ahsapdunyasi.com.tr\/index.php?rest_route=%2Fwp%2Fv2%2Fmedia&parent=298"}],"curies":[{"name":"wp","href":"https:\/\/api.w.org\/{rel}","templated":true}]}}