{"id":303,"date":"2024-07-24T10:18:19","date_gmt":"2024-07-24T07:18:19","guid":{"rendered":"https:\/\/ssgroupag.com\/ahsap\/?page_id=303"},"modified":"2024-08-07T17:26:36","modified_gmt":"2024-08-07T14:26:36","slug":"referanslarimiz","status":"publish","type":"page","link":"https:\/\/ahsapdunyasi.com.tr\/?page_id=303","title":{"rendered":"Referanslar\u0131m\u0131z"},"content":{"rendered":"\t\t<div data-elementor-type=\"wp-page\" data-elementor-id=\"303\" class=\"elementor elementor-303\">\n\t\t\t\t\t\t<div class=\"elementor-section elementor-top-section elementor-element elementor-element-43a1d63a elementor-section-boxed elementor-section-height-default elementor-section-height-default\" data-id=\"43a1d63a\" data-element_type=\"section\" data-settings=\"{&quot;background_background&quot;:&quot;classic&quot;}\">\n\t\t\t\t\t\t\t<div class=\"elementor-background-overlay\"><\/div>\n\t\t\t\t\t\t\t<div class=\"elementor-container elementor-column-gap-default\">\n\t\t\t\t\t<div class=\"elementor-column elementor-col-100 elementor-top-column elementor-element elementor-element-580cfd14\" data-id=\"580cfd14\" data-element_type=\"column\">\n\t\t\t<div class=\"elementor-widget-wrap elementor-element-populated\">\n\t\t\t\t\t\t<div class=\"elementor-element elementor-element-50365c14 elementor-widget elementor-widget-heading\" data-id=\"50365c14\" data-element_type=\"widget\" data-widget_type=\"heading.default\">\n\t\t\t\t<div class=\"elementor-widget-container\">\n\t\t\t<style>\/*! elementor - v3.23.0 - 15-07-2024 *\/\n.elementor-heading-title{padding:0;margin:0;line-height:1}.elementor-widget-heading .elementor-heading-title[class*=elementor-size-]>a{color:inherit;font-size:inherit;line-height:inherit}.elementor-widget-heading .elementor-heading-title.elementor-size-small{font-size:15px}.elementor-widget-heading .elementor-heading-title.elementor-size-medium{font-size:19px}.elementor-widget-heading .elementor-heading-title.elementor-size-large{font-size:29px}.elementor-widget-heading .elementor-heading-title.elementor-size-xl{font-size:39px}.elementor-widget-heading .elementor-heading-title.elementor-size-xxl{font-size:59px}<\/style><h1 class=\"elementor-heading-title elementor-size-default\">Referanslar\u0131m\u0131z<\/h1>\t\t<\/div>\n\t\t\t\t<\/div>\n\t\t\t\t\t<\/div>\n\t\t<\/div>\n\t\t\t\t\t<\/div>\n\t\t<\/div>\n\t\t<div class=\"elementor-element elementor-element-58d1e07 e-flex e-con-boxed e-con e-parent\" data-id=\"58d1e07\" data-element_type=\"container\">\n\t\t\t\t\t<div class=\"e-con-inner\">\n\t\t<div class=\"elementor-element elementor-element-131d624 e-con-full e-flex e-con e-child\" data-id=\"131d624\" data-element_type=\"container\">\n\t\t\t\t<div class=\"elementor-element elementor-element-0eea033 elementor-widget elementor-widget-text-editor\" data-id=\"0eea033\" data-element_type=\"widget\" data-widget_type=\"text-editor.default\">\n\t\t\t\t<div class=\"elementor-widget-container\">\n\t\t\t<style>\/*! elementor - v3.23.0 - 15-07-2024 *\/\n.elementor-widget-text-editor.elementor-drop-cap-view-stacked .elementor-drop-cap{background-color:#69727d;color:#fff}.elementor-widget-text-editor.elementor-drop-cap-view-framed .elementor-drop-cap{color:#69727d;border:3px solid;background-color:transparent}.elementor-widget-text-editor:not(.elementor-drop-cap-view-default) .elementor-drop-cap{margin-top:8px}.elementor-widget-text-editor:not(.elementor-drop-cap-view-default) .elementor-drop-cap-letter{width:1em;height:1em}.elementor-widget-text-editor .elementor-drop-cap{float:left;text-align:center;line-height:1;font-size:50px}.elementor-widget-text-editor .elementor-drop-cap-letter{display:inline-block}<\/style>\t\t\t\t<ul>\n<li>MAMAK BELED\u0130YES\u0130<\/li>\n<li>\u015eANLIURFA BELED\u0130YES\u0130<\/li>\n<li>NALLIHAN BELED\u0130YES\u0130<\/li>\n<li>\u00c7ANKAYA BELED\u0130YES\u0130<\/li>\n<li>B\u0130TL\u0130S BELED\u0130YES\u0130<\/li>\n<li>BORNOVA BELED\u0130YES\u0130<\/li>\n<li>PURSAKLAR BELED\u0130YES\u0130<\/li>\n<li>S\u0130NCAN BELED\u0130YES\u0130<\/li>\n<li>SEYHAN BELED\u0130YES\u0130<\/li>\n<li>G\u00d6LBA\u015eI BELED\u0130YES\u0130<\/li>\n<li>ERC\u0130\u015e BELED\u0130YES\u0130<\/li>\n<li>A\u011eRI BELED\u0130YES\u0130<\/li>\n<li>TC BA\u015eBAKANLIK TOPLU KONUT \u0130DARES\u0130 BA\u015eKANLI\u011eI(TOK\u0130)<\/li>\n<li>ADALET BAKANLI\u011eI<\/li>\n<li>GEN\u00c7L\u0130K VE SPOR BAKANLI\u011eI<\/li>\n<li>T\u00dcRK\u0130YE \u0130\u015e BANKASI<\/li>\n<li>Z\u0130RAAT BANKASI<\/li>\n<li>TAPU KADOSTRO GENEL M\u00dcD\u00dcRL\u00dc\u011e\u00dc<\/li>\n<li>ANKARA \u0130VED\u0130K ORGAN\u0130ZE SANAY\u0130 B\u00d6LGES\u0130<\/li>\n<li>KARA KUVVETLER\u0130 KOMUTANLI\u011eI<\/li>\n<li>T\u00dcRK PATENT ENST\u0130T\u00dcS\u00dc<\/li>\n<li>N\u0130\u011eDE \u0130L ORMAN M\u00dcD\u00dcRL\u00dc\u011e\u00dc<\/li>\n<li>JANDARMA GENEL KOMUTANLI\u011eI<\/li>\n<li>\u0130LLER BANKASI<\/li>\n<li>B\u0130RLE\u015eM\u0130\u015e M\u0130LLET GIDA VE TARIM \u00d6RG\u00dcT\u00dc<\/li>\n<\/ul>\t\t\t\t\t\t<\/div>\n\t\t\t\t<\/div>\n\t\t\t\t<\/div>\n\t\t<div class=\"elementor-element elementor-element-cfb91f6 e-con-full e-flex e-con e-child\" data-id=\"cfb91f6\" data-element_type=\"container\">\n\t\t\t\t<div class=\"elementor-element elementor-element-e718861 elementor-widget elementor-widget-text-editor\" data-id=\"e718861\" data-element_type=\"widget\" data-widget_type=\"text-editor.default\">\n\t\t\t\t<div class=\"elementor-widget-container\">\n\t\t\t\t\t\t\t<ul><li>HDC MANOLYA \u00c7\u0130\u00c7EK\u00c7\u0130L\u0130K TARIM \u0130N\u015eAAT \u00dcRET\u0130M PAZ. SAN. T\u0130C. LTD. \u015eT\u0130<\/li><li>SRL \u0130N\u015eAAT TAAH. TURZ. ELEK. T\u0130C. VE SAN. LTD \u015eT\u0130.<\/li><li>HAM\u0130TO\u011eLU \u0130N\u015e. METAL MAK. TURZ. SAN. VE T\u0130C. LTD. \u015eT\u0130.<\/li><li>S\u0130YAH KALEM M\u00dcHEND\u0130SL\u0130K \u0130N\u015e.SAN.T\u0130C.LTD.\u015eT\u0130<\/li><li>BSA KONUT \u0130N\u015eAAT TAAH.SAN. VE T\u0130C. LTD. \u015eT\u0130<\/li><li>Y\u00dcCEL \u0130N\u015eAAT TEKST\u0130L TA\u015e. SAN. VE T\u0130C. A\u015e<\/li><li>\u00c7\u0130FT\u00c7\u0130O\u011eLU GRUP \u0130N\u015eAAT OTO. TURZ. EML. T\u0130C. LTD. \u015eT\u0130.<\/li><li>SOYA\u015e GRUP \u0130N\u015e. T\u0130C. VE SAN. A\u015e<\/li><li>KOCAMAN \u0130N\u015e. TURZ. SAN. VE T\u0130C. LTD. \u015eT\u0130.<\/li><li>DEMARS \u0130N\u015eAAT TURZ. T\u0130C. LTD. \u015eT\u0130<\/li><li>G\u00dcNFAR \u0130N\u015eAAT MAK. MAD. SAN VE T\u0130C. A.\u015e.<\/li><li>OK\u00c7UO\u011eLU \u0130N\u015eAAT M\u00dcH. M\u00dc\u015e. SAN. VE T\u0130C. A.\u015e.<\/li><li>D\u0130BAY \u0130N\u015eAAT TURZ. M\u00dcH. TELK. NAKSAN VE T\u0130C. LTD. \u015eT\u0130.<\/li><li>MORKO\u00c7 GRUP \u0130N\u015eAAT HIRD. MAK. BOYA \u0130TH. \u0130HR. SAN. VE T\u0130C. LTD. \u015eT\u0130.<\/li><li>EBRU ELEKTR\u0130K \u0130N\u015eAAT GIDA<\/li><li>MES M\u0130MARLIK \u0130N\u015eAAT SAN. VE T\u0130C. LTD. \u015eT\u0130.<\/li><li>KARMEL GAYR\u0130MENKUL \u0130N\u015eAAT LTD. \u015eT\u0130.<\/li><li>ERGEZEN YAPI T\u0130C. LTD. \u015eT\u0130.<\/li><li>POLEN \u0130N\u015eAAT TAAH.<\/li><li>\u00c7INARBAY GAYR\u0130MENKUL YAT. A.\u015e.<\/li><li>YEN\u0130 F\u0130DAN \u0130N\u015eAAT NAK. GIDA. MAK. SAN. VE T\u0130C. LTD. \u015eT\u0130.<\/li><li>ERECE YAPI \u0130N\u015eAAT MAD. TEM. TURZ. LTD. \u015eT\u0130.- K\u0130NTA\u015e \u0130N\u015eAAT ORTAKLI\u011eI<\/li><li>\u015eENT\u00dcRK \u0130N\u015eAAT<\/li><li>VERAB \u0130N\u015eAAT LTD. \u015eT\u0130. \u2013 TEPE\u015eEH\u0130R \u0130N\u015eAAT ORTAKLI\u011eI<\/li><li>\u0130SPAK Y\u00d6NET\u0130M TEM\u0130ZL\u0130K LTD. \u015eT\u0130.<\/li><li>MAKSEM YAPI T\u0130C. A.\u015e.<\/li><li>MESS MOB\u0130LYA<\/li><li>ERGEZEN YAPI T\u0130C. LTD. \u015eT\u0130.<\/li><li>STAR L\u0130FE \u0130N\u015eAAT T\u0130C. LTD. \u015eT\u0130.<\/li><li>EN-SA YAPI VE \u0130N\u015eAAT SAN. A.\u015e.<\/li><li>G\u00dcRAS M\u00dcHEND\u0130SL\u0130K M\u0130MARLIK \u0130N\u015eAAT T\u0130C. LTD.\u015eT\u0130<\/li><li>ADAHAN \u0130N\u015eAAT VE T\u0130CARET A.\u015e.<\/li><li>ANTA\u015e HAFR\u0130YAT YAPI T\u0130C. A.\u015e.<\/li><li>DBN PROJE M\u00dcHEND\u0130SL\u0130K \u0130N\u015eAAT A.\u015e.<\/li><li>ORAKA \u0130N\u015eAAT TAAHH\u00dcT SANAY\u0130 T\u0130C. LTD. \u015eT\u0130.<\/li><li>YEN\u0130 F\u0130DAN \u0130N\u015eAAT T\u0130C. LTD. \u015eT\u0130.<\/li><li>AKZEM\u0130N M\u00dcHEND\u0130SL\u0130K A.\u015e.<\/li><li>DEMRAZ GEUP \u0130N\u015eAAT SAN. T\u0130C. LTD. \u015eT\u0130.<\/li><li>DEM\u0130REL YAPI MALZEMELER\u0130 \u0130N\u015eAAT T\u0130C. LTD. \u015eT\u0130.<\/li><li>G\u00dcRAS M\u00dcHEND\u0130SL\u0130K M\u0130MARLIK \u0130N\u015eAAT T\u0130C. LTD. \u015eT\u0130.<\/li><li>ILGIN \u0130N\u015eAAT \u0130\u00c7 VE DI\u015e T\u0130C. A.\u015e.<\/li><li>\u00d6ZYAPI ELEKTR\u0130K MAK\u0130NA SAN. T\u0130C. A.\u015e.<\/li><li>CENT\u0130LMEN \u0130N\u015eAAT LTD. \u015eT\u0130.<\/li><li>MAY \u0130N\u015eAAT T\u0130C. LTD. \u015eT\u0130.<\/li><li>MAKROB\u0130N \u0130N\u015eAAT T\u0130CARET SANAY\u0130 A.\u015e.<\/li><li>G\u00dcNG\u00d6R \u0130N\u015eAAT TAAHH\u00dcT T\u0130C. LTD. \u015eT\u0130.<\/li><li>M\u0130RZAN \u0130N\u015eAAT T\u0130C. LTD. \u015eT\u0130.<\/li><li>KOM YAPI \u0130N\u015eAAT T\u0130C. A.\u015e.<\/li><li>\u00d6Z-ER-KA \u0130N\u015eAAT TAAHH\u00dcT LTD. \u015eT\u0130.<\/li><li>EVEREST MADENC\u0130L\u0130K \u0130N\u015eAAT NAKL\u0130YE SANAY\u0130 T\u0130C. A.\u015e<\/li><\/ul>\t\t\t\t\t\t<\/div>\n\t\t\t\t<\/div>\n\t\t\t\t<\/div>\n\t\t\t\t\t<\/div>\n\t\t\t\t<\/div>\n\t\t\t\t<\/div>\n\t\t","protected":false},"excerpt":{"rendered":"<p>Referanslar\u0131m\u0131z MAMAK BELED\u0130YES\u0130 \u015eANLIURFA BELED\u0130YES\u0130 NALLIHAN BELED\u0130YES\u0130 \u00c7ANKAYA BELED\u0130YES\u0130 B\u0130TL\u0130S BELED\u0130YES\u0130 BORNOVA BELED\u0130YES\u0130 PURSAKLAR BELED\u0130YES\u0130 S\u0130NCAN BELED\u0130YES\u0130 SEYHAN BELED\u0130YES\u0130 G\u00d6LBA\u015eI BELED\u0130YES\u0130 ERC\u0130\u015e [&hellip;]<\/p>\n","protected":false},"author":1,"featured_media":0,"parent":0,"menu_order":0,"comment_status":"closed","ping_status":"closed","template":"","meta":{"footnotes":""},"class_list":["post-303","page","type-page","status-publish","hentry"],"_links":{"self":[{"href":"https:\/\/ahsapdunyasi.com.tr\/index.php?rest_route=\/wp\/v2\/pages\/303","targetHints":{"allow":["GET"]}}],"collection":[{"href":"https:\/\/ahsapdunyasi.com.tr\/index.php?rest_route=\/wp\/v2\/pages"}],"about":[{"href":"https:\/\/ahsapdunyasi.com.tr\/index.php?rest_route=\/wp\/v2\/types\/page"}],"author":[{"embeddable":true,"href":"https:\/\/ahsapdunyasi.com.tr\/index.php?rest_route=\/wp\/v2\/users\/1"}],"replies":[{"embeddable":true,"href":"https:\/\/ahsapdunyasi.com.tr\/index.php?rest_route=%2Fwp%2Fv2%2Fcomments&post=303"}],"version-history":[{"count":10,"href":"https:\/\/ahsapdunyasi.com.tr\/index.php?rest_route=\/wp\/v2\/pages\/303\/revisions"}],"predecessor-version":[{"id":387,"href":"https:\/\/ahsapdunyasi.com.tr\/index.php?rest_route=\/wp\/v2\/pages\/303\/revisions\/387"}],"wp:attachment":[{"href":"https:\/\/ahsapdunyasi.com.tr\/index.php?rest_route=%2Fwp%2Fv2%2Fmedia&parent=303"}],"curies":[{"name":"wp","href":"https:\/\/api.w.org\/{rel}","templated":true}]}}