{"id":4332,"date":"2026-01-27T15:05:54","date_gmt":"2026-01-27T12:05:54","guid":{"rendered":"https:\/\/ahsapdunyasi.com.tr\/?page_id=4332"},"modified":"2026-01-27T15:24:26","modified_gmt":"2026-01-27T12:24:26","slug":"ahsap-citler","status":"publish","type":"page","link":"https:\/\/ahsapdunyasi.com.tr\/?page_id=4332","title":{"rendered":"Ah\u015fap \u00c7itler"},"content":{"rendered":"\t\t<div data-elementor-type=\"wp-page\" data-elementor-id=\"4332\" class=\"elementor elementor-4332\">\n\t\t\t\t<div class=\"elementor-element elementor-element-a9fa8da e-flex e-con-boxed e-con e-parent\" data-id=\"a9fa8da\" data-element_type=\"container\" data-settings=\"{&quot;background_background&quot;:&quot;gradient&quot;}\">\n\t\t\t\t\t<div class=\"e-con-inner\">\n\t\t\t\t<div class=\"elementor-element elementor-element-0712071 elementor-widget elementor-widget-heading\" data-id=\"0712071\" data-element_type=\"widget\" data-widget_type=\"heading.default\">\n\t\t\t\t<div class=\"elementor-widget-container\">\n\t\t\t<style>\/*! elementor - v3.23.0 - 15-07-2024 *\/\n.elementor-heading-title{padding:0;margin:0;line-height:1}.elementor-widget-heading .elementor-heading-title[class*=elementor-size-]>a{color:inherit;font-size:inherit;line-height:inherit}.elementor-widget-heading .elementor-heading-title.elementor-size-small{font-size:15px}.elementor-widget-heading .elementor-heading-title.elementor-size-medium{font-size:19px}.elementor-widget-heading .elementor-heading-title.elementor-size-large{font-size:29px}.elementor-widget-heading .elementor-heading-title.elementor-size-xl{font-size:39px}.elementor-widget-heading .elementor-heading-title.elementor-size-xxl{font-size:59px}<\/style><h2 class=\"elementor-heading-title elementor-size-default\">Ah\u015fap \u00c7itler<\/h2>\t\t<\/div>\n\t\t\t\t<\/div>\n\t\t\t\t\t<\/div>\n\t\t\t\t<\/div>\n\t\t<div class=\"elementor-element elementor-element-633625fa e-flex e-con-boxed e-con e-parent\" data-id=\"633625fa\" data-element_type=\"container\">\n\t\t\t\t\t<div class=\"e-con-inner\">\n\t\t<div class=\"elementor-element elementor-element-5e0ce9aa e-con-full e-flex e-con e-child\" data-id=\"5e0ce9aa\" data-element_type=\"container\">\n\t\t\t\t<div class=\"elementor-element elementor-element-8e98889 elementor-position-top elementor-widget elementor-widget-image-box\" data-id=\"8e98889\" data-element_type=\"widget\" data-widget_type=\"image-box.default\">\n\t\t\t\t<div class=\"elementor-widget-container\">\n\t\t\t<style>\/*! elementor - v3.23.0 - 15-07-2024 *\/\n.elementor-widget-image-box .elementor-image-box-content{width:100%}@media (min-width:768px){.elementor-widget-image-box.elementor-position-left .elementor-image-box-wrapper,.elementor-widget-image-box.elementor-position-right .elementor-image-box-wrapper{display:flex}.elementor-widget-image-box.elementor-position-right .elementor-image-box-wrapper{text-align:end;flex-direction:row-reverse}.elementor-widget-image-box.elementor-position-left .elementor-image-box-wrapper{text-align:start;flex-direction:row}.elementor-widget-image-box.elementor-position-top .elementor-image-box-img{margin:auto}.elementor-widget-image-box.elementor-vertical-align-top .elementor-image-box-wrapper{align-items:flex-start}.elementor-widget-image-box.elementor-vertical-align-middle .elementor-image-box-wrapper{align-items:center}.elementor-widget-image-box.elementor-vertical-align-bottom .elementor-image-box-wrapper{align-items:flex-end}}@media (max-width:767px){.elementor-widget-image-box .elementor-image-box-img{margin-left:auto!important;margin-right:auto!important;margin-bottom:15px}}.elementor-widget-image-box .elementor-image-box-img{display:inline-block}.elementor-widget-image-box .elementor-image-box-title a{color:inherit}.elementor-widget-image-box .elementor-image-box-wrapper{text-align:center}.elementor-widget-image-box .elementor-image-box-description{margin:0}<\/style><div class=\"elementor-image-box-wrapper\"><figure class=\"elementor-image-box-img\"><img fetchpriority=\"high\" decoding=\"async\" width=\"1080\" height=\"1080\" src=\"https:\/\/ahsapdunyasi.com.tr\/wp-content\/uploads\/2026\/01\/1-12.png\" class=\"attachment-full size-full wp-image-4338\" alt=\"\" srcset=\"https:\/\/ahsapdunyasi.com.tr\/wp-content\/uploads\/2026\/01\/1-12.png 1080w, https:\/\/ahsapdunyasi.com.tr\/wp-content\/uploads\/2026\/01\/1-12-300x300.png 300w, https:\/\/ahsapdunyasi.com.tr\/wp-content\/uploads\/2026\/01\/1-12-1024x1024.png 1024w, https:\/\/ahsapdunyasi.com.tr\/wp-content\/uploads\/2026\/01\/1-12-150x150.png 150w, https:\/\/ahsapdunyasi.com.tr\/wp-content\/uploads\/2026\/01\/1-12-768x768.png 768w, https:\/\/ahsapdunyasi.com.tr\/wp-content\/uploads\/2026\/01\/1-12-650x650.png 650w\" sizes=\"(max-width: 1080px) 100vw, 1080px\" \/><\/figure><div class=\"elementor-image-box-content\"><h3 class=\"elementor-image-box-title\">AD\u00c7T - 01<\/h3><\/div><\/div>\t\t<\/div>\n\t\t\t\t<\/div>\n\t\t\t\t<\/div>\n\t\t<div class=\"elementor-element elementor-element-47097407 e-con-full e-flex e-con e-child\" data-id=\"47097407\" data-element_type=\"container\">\n\t\t\t\t<div class=\"elementor-element elementor-element-70ffaaf0 elementor-position-top elementor-widget elementor-widget-image-box\" data-id=\"70ffaaf0\" data-element_type=\"widget\" data-widget_type=\"image-box.default\">\n\t\t\t\t<div class=\"elementor-widget-container\">\n\t\t\t<div class=\"elementor-image-box-wrapper\"><figure class=\"elementor-image-box-img\"><img decoding=\"async\" width=\"1080\" height=\"1080\" src=\"https:\/\/ahsapdunyasi.com.tr\/wp-content\/uploads\/2026\/01\/2-12.png\" class=\"attachment-full size-full wp-image-4339\" alt=\"\" srcset=\"https:\/\/ahsapdunyasi.com.tr\/wp-content\/uploads\/2026\/01\/2-12.png 1080w, https:\/\/ahsapdunyasi.com.tr\/wp-content\/uploads\/2026\/01\/2-12-300x300.png 300w, https:\/\/ahsapdunyasi.com.tr\/wp-content\/uploads\/2026\/01\/2-12-1024x1024.png 1024w, https:\/\/ahsapdunyasi.com.tr\/wp-content\/uploads\/2026\/01\/2-12-150x150.png 150w, https:\/\/ahsapdunyasi.com.tr\/wp-content\/uploads\/2026\/01\/2-12-768x768.png 768w, https:\/\/ahsapdunyasi.com.tr\/wp-content\/uploads\/2026\/01\/2-12-650x650.png 650w\" sizes=\"(max-width: 1080px) 100vw, 1080px\" \/><\/figure><div class=\"elementor-image-box-content\"><h3 class=\"elementor-image-box-title\">AD\u00c7T - 02<\/h3><\/div><\/div>\t\t<\/div>\n\t\t\t\t<\/div>\n\t\t\t\t<\/div>\n\t\t<div class=\"elementor-element elementor-element-6be384d4 e-con-full e-flex e-con e-child\" data-id=\"6be384d4\" data-element_type=\"container\">\n\t\t\t\t<div class=\"elementor-element elementor-element-353057cc elementor-position-top elementor-widget elementor-widget-image-box\" data-id=\"353057cc\" data-element_type=\"widget\" data-widget_type=\"image-box.default\">\n\t\t\t\t<div class=\"elementor-widget-container\">\n\t\t\t<div class=\"elementor-image-box-wrapper\"><figure class=\"elementor-image-box-img\"><img decoding=\"async\" width=\"1080\" height=\"1080\" src=\"https:\/\/ahsapdunyasi.com.tr\/wp-content\/uploads\/2026\/01\/3-12.png\" class=\"attachment-full size-full wp-image-4340\" alt=\"\" srcset=\"https:\/\/ahsapdunyasi.com.tr\/wp-content\/uploads\/2026\/01\/3-12.png 1080w, https:\/\/ahsapdunyasi.com.tr\/wp-content\/uploads\/2026\/01\/3-12-300x300.png 300w, https:\/\/ahsapdunyasi.com.tr\/wp-content\/uploads\/2026\/01\/3-12-1024x1024.png 1024w, https:\/\/ahsapdunyasi.com.tr\/wp-content\/uploads\/2026\/01\/3-12-150x150.png 150w, https:\/\/ahsapdunyasi.com.tr\/wp-content\/uploads\/2026\/01\/3-12-768x768.png 768w, https:\/\/ahsapdunyasi.com.tr\/wp-content\/uploads\/2026\/01\/3-12-650x650.png 650w\" sizes=\"(max-width: 1080px) 100vw, 1080px\" \/><\/figure><div class=\"elementor-image-box-content\"><h3 class=\"elementor-image-box-title\">AD\u00c7T - 03<\/h3><\/div><\/div>\t\t<\/div>\n\t\t\t\t<\/div>\n\t\t\t\t<\/div>\n\t\t\t\t\t<\/div>\n\t\t\t\t<\/div>\n\t\t<div class=\"elementor-element elementor-element-d5f7ebb e-flex e-con-boxed e-con e-parent\" data-id=\"d5f7ebb\" data-element_type=\"container\">\n\t\t\t\t\t<div class=\"e-con-inner\">\n\t\t<div class=\"elementor-element elementor-element-cc84ba8 e-con-full e-flex e-con e-child\" data-id=\"cc84ba8\" data-element_type=\"container\">\n\t\t\t\t<div class=\"elementor-element elementor-element-7a1dbec elementor-position-top elementor-widget elementor-widget-image-box\" data-id=\"7a1dbec\" data-element_type=\"widget\" data-widget_type=\"image-box.default\">\n\t\t\t\t<div class=\"elementor-widget-container\">\n\t\t\t<div class=\"elementor-image-box-wrapper\"><figure class=\"elementor-image-box-img\"><img loading=\"lazy\" decoding=\"async\" width=\"1080\" height=\"1080\" src=\"https:\/\/ahsapdunyasi.com.tr\/wp-content\/uploads\/2026\/01\/4-12.png\" class=\"attachment-full size-full wp-image-4337\" alt=\"\" srcset=\"https:\/\/ahsapdunyasi.com.tr\/wp-content\/uploads\/2026\/01\/4-12.png 1080w, https:\/\/ahsapdunyasi.com.tr\/wp-content\/uploads\/2026\/01\/4-12-300x300.png 300w, https:\/\/ahsapdunyasi.com.tr\/wp-content\/uploads\/2026\/01\/4-12-1024x1024.png 1024w, https:\/\/ahsapdunyasi.com.tr\/wp-content\/uploads\/2026\/01\/4-12-150x150.png 150w, https:\/\/ahsapdunyasi.com.tr\/wp-content\/uploads\/2026\/01\/4-12-768x768.png 768w, https:\/\/ahsapdunyasi.com.tr\/wp-content\/uploads\/2026\/01\/4-12-650x650.png 650w\" sizes=\"(max-width: 1080px) 100vw, 1080px\" \/><\/figure><div class=\"elementor-image-box-content\"><h3 class=\"elementor-image-box-title\">AD\u00c7T - 04<\/h3><\/div><\/div>\t\t<\/div>\n\t\t\t\t<\/div>\n\t\t\t\t<\/div>\n\t\t<div class=\"elementor-element elementor-element-5a4e99d e-con-full e-flex e-con e-child\" data-id=\"5a4e99d\" data-element_type=\"container\">\n\t\t\t\t<\/div>\n\t\t<div class=\"elementor-element elementor-element-077e9f4 e-con-full e-flex e-con e-child\" data-id=\"077e9f4\" data-element_type=\"container\">\n\t\t\t\t<\/div>\n\t\t\t\t\t<\/div>\n\t\t\t\t<\/div>\n\t\t\t\t<\/div>\n\t\t","protected":false},"excerpt":{"rendered":"<p>Ah\u015fap \u00c7itler AD\u00c7T &#8211; 01 AD\u00c7T &#8211; 02 AD\u00c7T &#8211; 03 AD\u00c7T &#8211; 04<\/p>\n","protected":false},"author":1,"featured_media":0,"parent":0,"menu_order":0,"comment_status":"closed","ping_status":"closed","template":"","meta":{"footnotes":""},"class_list":["post-4332","page","type-page","status-publish","hentry"],"_links":{"self":[{"href":"https:\/\/ahsapdunyasi.com.tr\/index.php?rest_route=\/wp\/v2\/pages\/4332","targetHints":{"allow":["GET"]}}],"collection":[{"href":"https:\/\/ahsapdunyasi.com.tr\/index.php?rest_route=\/wp\/v2\/pages"}],"about":[{"href":"https:\/\/ahsapdunyasi.com.tr\/index.php?rest_route=\/wp\/v2\/types\/page"}],"author":[{"embeddable":true,"href":"https:\/\/ahsapdunyasi.com.tr\/index.php?rest_route=\/wp\/v2\/users\/1"}],"replies":[{"embeddable":true,"href":"https:\/\/ahsapdunyasi.com.tr\/index.php?rest_route=%2Fwp%2Fv2%2Fcomments&post=4332"}],"version-history":[{"count":7,"href":"https:\/\/ahsapdunyasi.com.tr\/index.php?rest_route=\/wp\/v2\/pages\/4332\/revisions"}],"predecessor-version":[{"id":4343,"href":"https:\/\/ahsapdunyasi.com.tr\/index.php?rest_route=\/wp\/v2\/pages\/4332\/revisions\/4343"}],"wp:attachment":[{"href":"https:\/\/ahsapdunyasi.com.tr\/index.php?rest_route=%2Fwp%2Fv2%2Fmedia&parent=4332"}],"curies":[{"name":"wp","href":"https:\/\/api.w.org\/{rel}","templated":true}]}}