{"id":4357,"date":"2026-01-27T15:43:52","date_gmt":"2026-01-27T12:43:52","guid":{"rendered":"https:\/\/ahsapdunyasi.com.tr\/?page_id=4357"},"modified":"2026-01-27T16:48:12","modified_gmt":"2026-01-27T13:48:12","slug":"diger-ekipmanlar","status":"publish","type":"page","link":"https:\/\/ahsapdunyasi.com.tr\/?page_id=4357","title":{"rendered":"Di\u011fer Ekipmanlar"},"content":{"rendered":"\t\t<div data-elementor-type=\"wp-page\" data-elementor-id=\"4357\" class=\"elementor elementor-4357\">\n\t\t\t\t<div class=\"elementor-element elementor-element-a9fa8da e-flex e-con-boxed e-con e-parent\" data-id=\"a9fa8da\" data-element_type=\"container\" data-settings=\"{&quot;background_background&quot;:&quot;gradient&quot;}\">\n\t\t\t\t\t<div class=\"e-con-inner\">\n\t\t\t\t<div class=\"elementor-element elementor-element-0712071 elementor-widget elementor-widget-heading\" data-id=\"0712071\" data-element_type=\"widget\" data-widget_type=\"heading.default\">\n\t\t\t\t<div class=\"elementor-widget-container\">\n\t\t\t<style>\/*! elementor - v3.23.0 - 15-07-2024 *\/\n.elementor-heading-title{padding:0;margin:0;line-height:1}.elementor-widget-heading .elementor-heading-title[class*=elementor-size-]>a{color:inherit;font-size:inherit;line-height:inherit}.elementor-widget-heading .elementor-heading-title.elementor-size-small{font-size:15px}.elementor-widget-heading .elementor-heading-title.elementor-size-medium{font-size:19px}.elementor-widget-heading .elementor-heading-title.elementor-size-large{font-size:29px}.elementor-widget-heading .elementor-heading-title.elementor-size-xl{font-size:39px}.elementor-widget-heading .elementor-heading-title.elementor-size-xxl{font-size:59px}<\/style><h2 class=\"elementor-heading-title elementor-size-default\">Di\u011fer Ekipmanlar<\/h2>\t\t<\/div>\n\t\t\t\t<\/div>\n\t\t\t\t\t<\/div>\n\t\t\t\t<\/div>\n\t\t<div class=\"elementor-element elementor-element-633625fa e-flex e-con-boxed e-con e-parent\" data-id=\"633625fa\" data-element_type=\"container\">\n\t\t\t\t\t<div class=\"e-con-inner\">\n\t\t<div class=\"elementor-element elementor-element-5e0ce9aa e-con-full e-flex e-con e-child\" data-id=\"5e0ce9aa\" data-element_type=\"container\">\n\t\t\t\t<div class=\"elementor-element elementor-element-8e98889 elementor-position-top elementor-widget elementor-widget-image-box\" data-id=\"8e98889\" data-element_type=\"widget\" data-widget_type=\"image-box.default\">\n\t\t\t\t<div class=\"elementor-widget-container\">\n\t\t\t<style>\/*! elementor - v3.23.0 - 15-07-2024 *\/\n.elementor-widget-image-box .elementor-image-box-content{width:100%}@media (min-width:768px){.elementor-widget-image-box.elementor-position-left .elementor-image-box-wrapper,.elementor-widget-image-box.elementor-position-right .elementor-image-box-wrapper{display:flex}.elementor-widget-image-box.elementor-position-right .elementor-image-box-wrapper{text-align:end;flex-direction:row-reverse}.elementor-widget-image-box.elementor-position-left .elementor-image-box-wrapper{text-align:start;flex-direction:row}.elementor-widget-image-box.elementor-position-top .elementor-image-box-img{margin:auto}.elementor-widget-image-box.elementor-vertical-align-top .elementor-image-box-wrapper{align-items:flex-start}.elementor-widget-image-box.elementor-vertical-align-middle .elementor-image-box-wrapper{align-items:center}.elementor-widget-image-box.elementor-vertical-align-bottom .elementor-image-box-wrapper{align-items:flex-end}}@media (max-width:767px){.elementor-widget-image-box .elementor-image-box-img{margin-left:auto!important;margin-right:auto!important;margin-bottom:15px}}.elementor-widget-image-box .elementor-image-box-img{display:inline-block}.elementor-widget-image-box .elementor-image-box-title a{color:inherit}.elementor-widget-image-box .elementor-image-box-wrapper{text-align:center}.elementor-widget-image-box .elementor-image-box-description{margin:0}<\/style><div class=\"elementor-image-box-wrapper\"><figure class=\"elementor-image-box-img\"><a href=\"https:\/\/ahsapdunyasi.com.tr\/?page_id=4363\" tabindex=\"-1\"><img fetchpriority=\"high\" decoding=\"async\" width=\"1080\" height=\"1080\" src=\"https:\/\/ahsapdunyasi.com.tr\/wp-content\/uploads\/2026\/01\/9-9.png\" class=\"attachment-full size-full wp-image-4359\" alt=\"\" srcset=\"https:\/\/ahsapdunyasi.com.tr\/wp-content\/uploads\/2026\/01\/9-9.png 1080w, https:\/\/ahsapdunyasi.com.tr\/wp-content\/uploads\/2026\/01\/9-9-300x300.png 300w, https:\/\/ahsapdunyasi.com.tr\/wp-content\/uploads\/2026\/01\/9-9-1024x1024.png 1024w, https:\/\/ahsapdunyasi.com.tr\/wp-content\/uploads\/2026\/01\/9-9-150x150.png 150w, https:\/\/ahsapdunyasi.com.tr\/wp-content\/uploads\/2026\/01\/9-9-768x768.png 768w, https:\/\/ahsapdunyasi.com.tr\/wp-content\/uploads\/2026\/01\/9-9-650x650.png 650w\" sizes=\"(max-width: 1080px) 100vw, 1080px\" \/><\/a><\/figure><div class=\"elementor-image-box-content\"><h3 class=\"elementor-image-box-title\"><a href=\"https:\/\/ahsapdunyasi.com.tr\/?page_id=4363\">EK\u0130PMANLAR<\/a><\/h3><\/div><\/div>\t\t<\/div>\n\t\t\t\t<\/div>\n\t\t\t\t<\/div>\n\t\t<div class=\"elementor-element elementor-element-47097407 e-con-full e-flex e-con e-child\" data-id=\"47097407\" data-element_type=\"container\">\n\t\t\t\t<div class=\"elementor-element elementor-element-70ffaaf0 elementor-position-top elementor-widget elementor-widget-image-box\" data-id=\"70ffaaf0\" data-element_type=\"widget\" data-widget_type=\"image-box.default\">\n\t\t\t\t<div class=\"elementor-widget-container\">\n\t\t\t<div class=\"elementor-image-box-wrapper\"><figure class=\"elementor-image-box-img\"><a href=\"https:\/\/ahsapdunyasi.com.tr\/?page_id=4382\" tabindex=\"-1\"><img decoding=\"async\" width=\"1080\" height=\"1080\" src=\"https:\/\/ahsapdunyasi.com.tr\/wp-content\/uploads\/2026\/01\/11-6.png\" class=\"attachment-full size-full wp-image-4378\" alt=\"\" srcset=\"https:\/\/ahsapdunyasi.com.tr\/wp-content\/uploads\/2026\/01\/11-6.png 1080w, https:\/\/ahsapdunyasi.com.tr\/wp-content\/uploads\/2026\/01\/11-6-300x300.png 300w, https:\/\/ahsapdunyasi.com.tr\/wp-content\/uploads\/2026\/01\/11-6-1024x1024.png 1024w, https:\/\/ahsapdunyasi.com.tr\/wp-content\/uploads\/2026\/01\/11-6-150x150.png 150w, https:\/\/ahsapdunyasi.com.tr\/wp-content\/uploads\/2026\/01\/11-6-768x768.png 768w, https:\/\/ahsapdunyasi.com.tr\/wp-content\/uploads\/2026\/01\/11-6-650x650.png 650w\" sizes=\"(max-width: 1080px) 100vw, 1080px\" \/><\/a><\/figure><div class=\"elementor-image-box-content\"><h3 class=\"elementor-image-box-title\"><a href=\"https:\/\/ahsapdunyasi.com.tr\/?page_id=4382\">SPOR SAHASI EK\u0130PMANLARI<\/a><\/h3><\/div><\/div>\t\t<\/div>\n\t\t\t\t<\/div>\n\t\t\t\t<\/div>\n\t\t<div class=\"elementor-element elementor-element-6be384d4 e-con-full e-flex e-con e-child\" data-id=\"6be384d4\" data-element_type=\"container\">\n\t\t\t\t<div class=\"elementor-element elementor-element-353057cc elementor-position-top elementor-widget elementor-widget-image-box\" data-id=\"353057cc\" data-element_type=\"widget\" data-widget_type=\"image-box.default\">\n\t\t\t\t<div class=\"elementor-widget-container\">\n\t\t\t<div class=\"elementor-image-box-wrapper\"><figure class=\"elementor-image-box-img\"><a href=\"https:\/\/ahsapdunyasi.com.tr\/?page_id=4399\" tabindex=\"-1\"><img decoding=\"async\" width=\"1080\" height=\"1080\" src=\"https:\/\/ahsapdunyasi.com.tr\/wp-content\/uploads\/2026\/01\/1080x1080-5-2.png\" class=\"attachment-full size-full wp-image-4413\" alt=\"\" srcset=\"https:\/\/ahsapdunyasi.com.tr\/wp-content\/uploads\/2026\/01\/1080x1080-5-2.png 1080w, https:\/\/ahsapdunyasi.com.tr\/wp-content\/uploads\/2026\/01\/1080x1080-5-2-300x300.png 300w, https:\/\/ahsapdunyasi.com.tr\/wp-content\/uploads\/2026\/01\/1080x1080-5-2-1024x1024.png 1024w, https:\/\/ahsapdunyasi.com.tr\/wp-content\/uploads\/2026\/01\/1080x1080-5-2-150x150.png 150w, https:\/\/ahsapdunyasi.com.tr\/wp-content\/uploads\/2026\/01\/1080x1080-5-2-768x768.png 768w, https:\/\/ahsapdunyasi.com.tr\/wp-content\/uploads\/2026\/01\/1080x1080-5-2-650x650.png 650w\" sizes=\"(max-width: 1080px) 100vw, 1080px\" \/><\/a><\/figure><div class=\"elementor-image-box-content\"><h3 class=\"elementor-image-box-title\"><a href=\"https:\/\/ahsapdunyasi.com.tr\/?page_id=4399\">ZEM\u0130N<\/a><\/h3><\/div><\/div>\t\t<\/div>\n\t\t\t\t<\/div>\n\t\t\t\t<\/div>\n\t\t\t\t\t<\/div>\n\t\t\t\t<\/div>\n\t\t\t\t<\/div>\n\t\t","protected":false},"excerpt":{"rendered":"<p>Di\u011fer Ekipmanlar EK\u0130PMANLAR SPOR SAHASI EK\u0130PMANLARI ZEM\u0130N<\/p>\n","protected":false},"author":1,"featured_media":0,"parent":0,"menu_order":0,"comment_status":"closed","ping_status":"closed","template":"","meta":{"footnotes":""},"class_list":["post-4357","page","type-page","status-publish","hentry"],"_links":{"self":[{"href":"https:\/\/ahsapdunyasi.com.tr\/index.php?rest_route=\/wp\/v2\/pages\/4357","targetHints":{"allow":["GET"]}}],"collection":[{"href":"https:\/\/ahsapdunyasi.com.tr\/index.php?rest_route=\/wp\/v2\/pages"}],"about":[{"href":"https:\/\/ahsapdunyasi.com.tr\/index.php?rest_route=\/wp\/v2\/types\/page"}],"author":[{"embeddable":true,"href":"https:\/\/ahsapdunyasi.com.tr\/index.php?rest_route=\/wp\/v2\/users\/1"}],"replies":[{"embeddable":true,"href":"https:\/\/ahsapdunyasi.com.tr\/index.php?rest_route=%2Fwp%2Fv2%2Fcomments&post=4357"}],"version-history":[{"count":13,"href":"https:\/\/ahsapdunyasi.com.tr\/index.php?rest_route=\/wp\/v2\/pages\/4357\/revisions"}],"predecessor-version":[{"id":4423,"href":"https:\/\/ahsapdunyasi.com.tr\/index.php?rest_route=\/wp\/v2\/pages\/4357\/revisions\/4423"}],"wp:attachment":[{"href":"https:\/\/ahsapdunyasi.com.tr\/index.php?rest_route=%2Fwp%2Fv2%2Fmedia&parent=4357"}],"curies":[{"name":"wp","href":"https:\/\/api.w.org\/{rel}","templated":true}]}}